{"id":42541,"date":"2025-10-23T14:08:06","date_gmt":"2025-10-23T14:08:06","guid":{"rendered":"https:\/\/lamotte.com\/ph\/"},"modified":"2026-01-22T13:20:58","modified_gmt":"2026-01-22T13:20:58","slug":"ph","status":"publish","type":"page","link":"https:\/\/lamotte.com\/es\/productos\/parametros\/ph\/","title":{"rendered":"pH"},"content":{"rendered":"","protected":false},"excerpt":{"rendered":"","protected":false},"author":6,"featured_media":0,"parent":43560,"menu_order":0,"comment_status":"closed","ping_status":"closed","template":"","meta":{"_acf_changed":false,"footnotes":""},"class_list":["post-42541","page","type-page","status-publish","hentry"],"acf":[],"yoast_head":"<!-- This site is optimized with the Yoast SEO plugin v27.2 - https:\/\/yoast.com\/product\/yoast-seo-wordpress\/ -->\n<title>Prueba de pH para an\u00e1lisis de agua -<\/title>\n<meta name=\"description\" content=\"Consulta las tiras de pH, kits y mucho m\u00e1s de LaMotte Company. Perfecto para pruebas de piscinas y spas, agua potable y an\u00e1lisis adicional de agua.\" \/>\n<meta name=\"robots\" content=\"index, follow, max-snippet:-1, max-image-preview:large, max-video-preview:-1\" \/>\n<link rel=\"canonical\" href=\"https:\/\/lamotte.com\/es\/productos\/parametros\/ph\/\" \/>\n<meta property=\"og:locale\" content=\"es_ES\" \/>\n<meta property=\"og:type\" content=\"article\" \/>\n<meta property=\"og:title\" content=\"Prueba de pH para an\u00e1lisis de agua -\" \/>\n<meta property=\"og:description\" content=\"Consulta las tiras de pH, kits y mucho m\u00e1s de LaMotte Company. Perfecto para pruebas de piscinas y spas, agua potable y an\u00e1lisis adicional de agua.\" \/>\n<meta property=\"og:url\" content=\"https:\/\/lamotte.com\/es\/productos\/parametros\/ph\/\" \/>\n<meta property=\"og:site_name\" content=\"LaMotte\" \/>\n<meta property=\"article:modified_time\" content=\"2026-01-22T13:20:58+00:00\" \/>\n<meta name=\"twitter:card\" content=\"summary_large_image\" \/>\n<script type=\"application\/ld+json\" class=\"yoast-schema-graph\">{\"@context\":\"https:\/\/schema.org\",\"@graph\":[{\"@type\":\"WebPage\",\"@id\":\"https:\/\/lamotte.com\/es\/productos\/parametros\/ph\/\",\"url\":\"https:\/\/lamotte.com\/es\/productos\/parametros\/ph\/\",\"name\":\"Prueba de pH para an\u00e1lisis de agua -\",\"isPartOf\":{\"@id\":\"https:\/\/lamotte.com\/es\/#website\"},\"datePublished\":\"2025-10-23T14:08:06+00:00\",\"dateModified\":\"2026-01-22T13:20:58+00:00\",\"description\":\"Consulta las tiras de pH, kits y mucho m\u00e1s de LaMotte Company. Perfecto para pruebas de piscinas y spas, agua potable y an\u00e1lisis adicional de agua.\",\"breadcrumb\":{\"@id\":\"https:\/\/lamotte.com\/es\/productos\/parametros\/ph\/#breadcrumb\"},\"inLanguage\":\"es\",\"potentialAction\":[{\"@type\":\"ReadAction\",\"target\":[\"https:\/\/lamotte.com\/es\/productos\/parametros\/ph\/\"]}]},{\"@type\":\"BreadcrumbList\",\"@id\":\"https:\/\/lamotte.com\/es\/productos\/parametros\/ph\/#breadcrumb\",\"itemListElement\":[{\"@type\":\"ListItem\",\"position\":1,\"name\":\"Home\",\"item\":\"https:\/\/lamotte.com\/es\/\"},{\"@type\":\"ListItem\",\"position\":2,\"name\":\"Productos\",\"item\":\"https:\/\/lamotte.com\/es\/productos\/\"},{\"@type\":\"ListItem\",\"position\":3,\"name\":\"Par\u00e1metros\",\"item\":\"https:\/\/lamotte.com\/es\/productos\/parametros\/\"},{\"@type\":\"ListItem\",\"position\":4,\"name\":\"pH\"}]},{\"@type\":\"WebSite\",\"@id\":\"https:\/\/lamotte.com\/es\/#website\",\"url\":\"https:\/\/lamotte.com\/es\/\",\"name\":\"LaMotte\",\"description\":\"\",\"potentialAction\":[{\"@type\":\"SearchAction\",\"target\":{\"@type\":\"EntryPoint\",\"urlTemplate\":\"https:\/\/lamotte.com\/es\/?s={search_term_string}\"},\"query-input\":{\"@type\":\"PropertyValueSpecification\",\"valueRequired\":true,\"valueName\":\"search_term_string\"}}],\"inLanguage\":\"es\"}]}<\/script>\n<!-- \/ Yoast SEO plugin. -->","yoast_head_json":{"title":"Prueba de pH para an\u00e1lisis de agua -","description":"Consulta las tiras de pH, kits y mucho m\u00e1s de LaMotte Company. Perfecto para pruebas de piscinas y spas, agua potable y an\u00e1lisis adicional de agua.","robots":{"index":"index","follow":"follow","max-snippet":"max-snippet:-1","max-image-preview":"max-image-preview:large","max-video-preview":"max-video-preview:-1"},"canonical":"https:\/\/lamotte.com\/es\/productos\/parametros\/ph\/","og_locale":"es_ES","og_type":"article","og_title":"Prueba de pH para an\u00e1lisis de agua -","og_description":"Consulta las tiras de pH, kits y mucho m\u00e1s de LaMotte Company. Perfecto para pruebas de piscinas y spas, agua potable y an\u00e1lisis adicional de agua.","og_url":"https:\/\/lamotte.com\/es\/productos\/parametros\/ph\/","og_site_name":"LaMotte","article_modified_time":"2026-01-22T13:20:58+00:00","twitter_card":"summary_large_image","schema":{"@context":"https:\/\/schema.org","@graph":[{"@type":"WebPage","@id":"https:\/\/lamotte.com\/es\/productos\/parametros\/ph\/","url":"https:\/\/lamotte.com\/es\/productos\/parametros\/ph\/","name":"Prueba de pH para an\u00e1lisis de agua -","isPartOf":{"@id":"https:\/\/lamotte.com\/es\/#website"},"datePublished":"2025-10-23T14:08:06+00:00","dateModified":"2026-01-22T13:20:58+00:00","description":"Consulta las tiras de pH, kits y mucho m\u00e1s de LaMotte Company. Perfecto para pruebas de piscinas y spas, agua potable y an\u00e1lisis adicional de agua.","breadcrumb":{"@id":"https:\/\/lamotte.com\/es\/productos\/parametros\/ph\/#breadcrumb"},"inLanguage":"es","potentialAction":[{"@type":"ReadAction","target":["https:\/\/lamotte.com\/es\/productos\/parametros\/ph\/"]}]},{"@type":"BreadcrumbList","@id":"https:\/\/lamotte.com\/es\/productos\/parametros\/ph\/#breadcrumb","itemListElement":[{"@type":"ListItem","position":1,"name":"Home","item":"https:\/\/lamotte.com\/es\/"},{"@type":"ListItem","position":2,"name":"Productos","item":"https:\/\/lamotte.com\/es\/productos\/"},{"@type":"ListItem","position":3,"name":"Par\u00e1metros","item":"https:\/\/lamotte.com\/es\/productos\/parametros\/"},{"@type":"ListItem","position":4,"name":"pH"}]},{"@type":"WebSite","@id":"https:\/\/lamotte.com\/es\/#website","url":"https:\/\/lamotte.com\/es\/","name":"LaMotte","description":"","potentialAction":[{"@type":"SearchAction","target":{"@type":"EntryPoint","urlTemplate":"https:\/\/lamotte.com\/es\/?s={search_term_string}"},"query-input":{"@type":"PropertyValueSpecification","valueRequired":true,"valueName":"search_term_string"}}],"inLanguage":"es"}]}},"_links":{"self":[{"href":"https:\/\/lamotte.com\/es\/wp-json\/wp\/v2\/pages\/42541","targetHints":{"allow":["GET"]}}],"collection":[{"href":"https:\/\/lamotte.com\/es\/wp-json\/wp\/v2\/pages"}],"about":[{"href":"https:\/\/lamotte.com\/es\/wp-json\/wp\/v2\/types\/page"}],"author":[{"embeddable":true,"href":"https:\/\/lamotte.com\/es\/wp-json\/wp\/v2\/users\/6"}],"replies":[{"embeddable":true,"href":"https:\/\/lamotte.com\/es\/wp-json\/wp\/v2\/comments?post=42541"}],"version-history":[{"count":1,"href":"https:\/\/lamotte.com\/es\/wp-json\/wp\/v2\/pages\/42541\/revisions"}],"predecessor-version":[{"id":43561,"href":"https:\/\/lamotte.com\/es\/wp-json\/wp\/v2\/pages\/42541\/revisions\/43561"}],"up":[{"embeddable":true,"href":"https:\/\/lamotte.com\/es\/wp-json\/wp\/v2\/pages\/43560"}],"wp:attachment":[{"href":"https:\/\/lamotte.com\/es\/wp-json\/wp\/v2\/media?parent=42541"}],"curies":[{"name":"wp","href":"https:\/\/api.w.org\/{rel}","templated":true}]}}