{"id":43240,"date":"2025-08-04T14:31:19","date_gmt":"2025-08-04T14:31:19","guid":{"rendered":"https:\/\/lamotte.com\/inicio\/"},"modified":"2026-02-12T16:05:27","modified_gmt":"2026-02-12T16:05:27","slug":"inicio","status":"publish","type":"page","link":"https:\/\/lamotte.com\/es\/","title":{"rendered":"Inicio"},"content":{"rendered":"\n<h2>\n\t\t\tAccuracy Backed by a Century of Science\t<\/h2>\n\t<p>For over a century, LaMotte has equipped professionals and homeowners alike with the tools they need to test water quickly, accurately, and safely on-site.<\/p>\n\t\t100+\n\t\t\t\t\tyears of innovation\n\t\t75+\n\t\t\t\t\tcountries served\n\t\t2,000,000+\n\t\t\t\t\ttests performed daily\n<h2>\n\t\t\tIndustry-Leading Experts in Diverse Markets &amp; Applications\t<\/h2>\n\t\n    .FeaturedProduct {\n        border-radius: 100px;\n        color: #FFF;\n        display:flex; \n        align-items: center;\n        gap: 8px;  \n        padding: 8px 12px;\n        width: fit-content;\n        background-color: rgba(255, 255, 255, 0.1);\n        font-family: &#8216;Manrope&#8217;;\n        font-size: 1.4rem;\n        line-height: 1;\n    }\n\n    Application Note\n<h2>\n\t\t\tFaster, Safer Water Testing for Well Drillers\t<\/h2>\n\t<p>Discover how Spin Touch\u00ae helps drilling teams get accurate, on-site results in just minutes. This guide shows how to protect your equipment, streamline compliance, and ensure clean, reliable well water at every stage.<\/p>\n\t<p>\u00abThe demand for new wells likely outpaces the supply of drilling firms. With ~8,000 firms constructing half a million wells each year, the speed and efficiency of each drilling project are paramount for success.\u00bb<\/p>\n\t\t\t<a href=\"\/application-note\/well-drilling-application-note\/\" target=\"_self\">\n\t\t\t\t\t\t\tRead Full Case Study\n\t\t\t\t\t<\/a>\n<h2>\n\t\t\tLaMotte Brands\t<\/h2>\n\t<p>Purpose-built solutions for every testing need, from lab to field.<\/p>\n\t\t\t<a href=\"\/brands\/\" target=\"_self\">\n\t\t\t\t\t\t\tView All Brands\n\t\t\t<\/a>\n\t\t\t\t\t\t\t\t\n    \t\t\t\t<a href=\"\/brands\/lamotte-spin\/\" target=\"_self\" rel=\"\">\n\t\t\t\t<img decoding=\"async\" src=\"https:\/\/lamotte.com\/wp-content\/uploads\/2025\/10\/lamotte-pulse-heart-composite-resized.png\" \/>\n\t\t\t\t<img decoding=\"async\" src=\"https:\/\/lamotte.com\/wp-content\/uploads\/2025\/10\/Spin-logo-RGB-white-Huemor-cropped.svg\" \/>\n\t\t\t<\/a>\n\t\t\t\t\t<a href=\"\/brands\/lamotte-insta-test\/\" target=\"_self\" rel=\"\">\n\t\t\t\t<img decoding=\"async\" src=\"https:\/\/lamotte.com\/wp-content\/uploads\/2025\/10\/Insta-Test-resized.png\" \/>\n\t\t\t\t<img decoding=\"async\" src=\"https:\/\/lamotte.com\/wp-content\/uploads\/2025\/10\/Insta-Test-logo-RGB-white-Huemor-cropped.svg\" \/>\n\t\t\t<\/a>\n\t\t\t\t\t<a href=\"\/brands\/lamotte-waterlink\/\" target=\"_self\" rel=\"\">\n\t\t\t\t<img decoding=\"async\" src=\"https:\/\/lamotte.com\/wp-content\/uploads\/2025\/10\/WaterLink.webp\" \/>\n\t\t\t\t<img decoding=\"async\" src=\"https:\/\/lamotte.com\/wp-content\/uploads\/2025\/10\/Waterlink-logo-RGB-white-Huemor-cropped.svg\" \/>\n\t\t\t<\/a>\n\t\t\t\t\t<a href=\"\/brands\/lamotte-pulse\/\" target=\"_self\" rel=\"\">\n\t\t\t\t<img decoding=\"async\" src=\"https:\/\/lamotte.com\/wp-content\/uploads\/2025\/10\/LaMotte-Pulse-e1761243766889.webp\" \/>\n\t\t\t\t<img decoding=\"async\" src=\"https:\/\/lamotte.com\/wp-content\/uploads\/2025\/10\/Pulse-logo-RGB-white-Huemor-cropped.svg\" \/>\n\t\t\t<\/a>\n\t<h2>\n\t\t\tGlobal Network Serving 75+ Countries\t<\/h2>\n\t<p>With a comprehensive global sales network, LaMotte is prepared to help you access the ideal water analysis products for your needs.<\/p>\n\t\t\t<a href=\"\/where-to-buy\/\" target=\"_self\">\n\t\t\t\t\t\t\t Where to Buy LaMotte Products\n\t\t\t<\/a>\n\n","protected":false},"excerpt":{"rendered":"<p>Accuracy Backed by a Century of Science For over a century, LaMotte has equipped professionals and homeowners alike with the tools they need to test water quickly, accurately, and safely on-site. 100+ years of innovation 75+ countries served 2,000,000+ tests performed daily Industry-Leading Experts in Diverse Markets &amp; Applications .FeaturedProduct { border-radius: 100px; color: #FFF; [&hellip;]<\/p>\n","protected":false},"author":9,"featured_media":43250,"parent":0,"menu_order":0,"comment_status":"closed","ping_status":"closed","template":"","meta":{"_acf_changed":false,"footnotes":""},"class_list":["post-43240","page","type-page","status-publish","has-post-thumbnail","hentry"],"acf":[],"yoast_head":"<!-- This site is optimized with the Yoast SEO plugin v27.2 - https:\/\/yoast.com\/product\/yoast-seo-wordpress\/ -->\n<title>Empresa LaMotte - Equipos de Calidad del Agua y An\u00e1lisis<\/title>\n<meta name=\"description\" content=\"Explora las soluciones de an\u00e1lisis de agua, suelo y aire de LaMotte: equipos y kits de confianza para un an\u00e1lisis de alta calidad y precisi\u00f3n.\" \/>\n<meta name=\"robots\" content=\"index, follow, max-snippet:-1, max-image-preview:large, max-video-preview:-1\" \/>\n<link rel=\"canonical\" href=\"https:\/\/lamotte.com\/es\/\" \/>\n<meta property=\"og:locale\" content=\"es_ES\" \/>\n<meta property=\"og:type\" content=\"article\" \/>\n<meta property=\"og:title\" content=\"Empresa LaMotte - Equipos de Calidad del Agua y An\u00e1lisis\" \/>\n<meta property=\"og:description\" content=\"Explora las soluciones de an\u00e1lisis de agua, suelo y aire de LaMotte: equipos y kits de confianza para un an\u00e1lisis de alta calidad y precisi\u00f3n.\" \/>\n<meta property=\"og:url\" content=\"https:\/\/lamotte.com\/es\/\" \/>\n<meta property=\"og:site_name\" content=\"LaMotte\" \/>\n<meta property=\"article:modified_time\" content=\"2026-02-12T16:05:27+00:00\" \/>\n<meta property=\"og:image\" content=\"https:\/\/lamotte.com\/wp-content\/uploads\/2025\/10\/Homepage_SocialSharing_LaMotte-min.jpg\" \/>\n\t<meta property=\"og:image:width\" content=\"1200\" \/>\n\t<meta property=\"og:image:height\" content=\"626\" \/>\n\t<meta property=\"og:image:type\" content=\"image\/jpeg\" \/>\n<meta name=\"twitter:card\" content=\"summary_large_image\" \/>\n<meta name=\"twitter:label1\" content=\"Tiempo de lectura\" \/>\n\t<meta name=\"twitter:data1\" content=\"1 minuto\" \/>\n<script type=\"application\/ld+json\" class=\"yoast-schema-graph\">{\"@context\":\"https:\/\/schema.org\",\"@graph\":[{\"@type\":\"WebPage\",\"@id\":\"https:\/\/lamotte.com\/es\/\",\"url\":\"https:\/\/lamotte.com\/es\/\",\"name\":\"Empresa LaMotte - Equipos de Calidad del Agua y An\u00e1lisis\",\"isPartOf\":{\"@id\":\"https:\/\/lamotte.com\/es\/#website\"},\"primaryImageOfPage\":{\"@id\":\"https:\/\/lamotte.com\/es\/#primaryimage\"},\"image\":{\"@id\":\"https:\/\/lamotte.com\/es\/#primaryimage\"},\"thumbnailUrl\":\"https:\/\/lamotte.com\/wp-content\/uploads\/2025\/10\/Homepage_SocialSharing_LaMotte-min.jpg\",\"datePublished\":\"2025-08-04T14:31:19+00:00\",\"dateModified\":\"2026-02-12T16:05:27+00:00\",\"description\":\"Explora las soluciones de an\u00e1lisis de agua, suelo y aire de LaMotte: equipos y kits de confianza para un an\u00e1lisis de alta calidad y precisi\u00f3n.\",\"breadcrumb\":{\"@id\":\"https:\/\/lamotte.com\/es\/#breadcrumb\"},\"inLanguage\":\"es\",\"potentialAction\":[{\"@type\":\"ReadAction\",\"target\":[\"https:\/\/lamotte.com\/es\/\"]}]},{\"@type\":\"ImageObject\",\"inLanguage\":\"es\",\"@id\":\"https:\/\/lamotte.com\/es\/#primaryimage\",\"url\":\"https:\/\/lamotte.com\/wp-content\/uploads\/2025\/10\/Homepage_SocialSharing_LaMotte-min.jpg\",\"contentUrl\":\"https:\/\/lamotte.com\/wp-content\/uploads\/2025\/10\/Homepage_SocialSharing_LaMotte-min.jpg\",\"width\":1200,\"height\":626,\"caption\":\"El brazo de un nadador se eleva desde una piscina entre separadores de carriles. El texto superpuesto dice: L\u00edder de confianza en soluciones de an\u00e1lisis de agua. Los sistemas Waterlink de LaMotte ofrecen equipos de an\u00e1lisis de agua r\u00e1pidos, precisos y sencillos para una toma de decisiones con confianza.\"},{\"@type\":\"BreadcrumbList\",\"@id\":\"https:\/\/lamotte.com\/es\/#breadcrumb\",\"itemListElement\":[{\"@type\":\"ListItem\",\"position\":1,\"name\":\"Home\",\"item\":\"https:\/\/lamotte.com\/es\/\"},{\"@type\":\"ListItem\",\"position\":2,\"name\":\"Inicio\"}]},{\"@type\":\"WebSite\",\"@id\":\"https:\/\/lamotte.com\/es\/#website\",\"url\":\"https:\/\/lamotte.com\/es\/\",\"name\":\"LaMotte\",\"description\":\"\",\"potentialAction\":[{\"@type\":\"SearchAction\",\"target\":{\"@type\":\"EntryPoint\",\"urlTemplate\":\"https:\/\/lamotte.com\/es\/?s={search_term_string}\"},\"query-input\":{\"@type\":\"PropertyValueSpecification\",\"valueRequired\":true,\"valueName\":\"search_term_string\"}}],\"inLanguage\":\"es\"}]}<\/script>\n<!-- \/ Yoast SEO plugin. -->","yoast_head_json":{"title":"Empresa LaMotte - Equipos de Calidad del Agua y An\u00e1lisis","description":"Explora las soluciones de an\u00e1lisis de agua, suelo y aire de LaMotte: equipos y kits de confianza para un an\u00e1lisis de alta calidad y precisi\u00f3n.","robots":{"index":"index","follow":"follow","max-snippet":"max-snippet:-1","max-image-preview":"max-image-preview:large","max-video-preview":"max-video-preview:-1"},"canonical":"https:\/\/lamotte.com\/es\/","og_locale":"es_ES","og_type":"article","og_title":"Empresa LaMotte - Equipos de Calidad del Agua y An\u00e1lisis","og_description":"Explora las soluciones de an\u00e1lisis de agua, suelo y aire de LaMotte: equipos y kits de confianza para un an\u00e1lisis de alta calidad y precisi\u00f3n.","og_url":"https:\/\/lamotte.com\/es\/","og_site_name":"LaMotte","article_modified_time":"2026-02-12T16:05:27+00:00","og_image":[{"width":1200,"height":626,"url":"https:\/\/lamotte.com\/wp-content\/uploads\/2025\/10\/Homepage_SocialSharing_LaMotte-min.jpg","type":"image\/jpeg"}],"twitter_card":"summary_large_image","twitter_misc":{"Tiempo de lectura":"1 minuto"},"schema":{"@context":"https:\/\/schema.org","@graph":[{"@type":"WebPage","@id":"https:\/\/lamotte.com\/es\/","url":"https:\/\/lamotte.com\/es\/","name":"Empresa LaMotte - Equipos de Calidad del Agua y An\u00e1lisis","isPartOf":{"@id":"https:\/\/lamotte.com\/es\/#website"},"primaryImageOfPage":{"@id":"https:\/\/lamotte.com\/es\/#primaryimage"},"image":{"@id":"https:\/\/lamotte.com\/es\/#primaryimage"},"thumbnailUrl":"https:\/\/lamotte.com\/wp-content\/uploads\/2025\/10\/Homepage_SocialSharing_LaMotte-min.jpg","datePublished":"2025-08-04T14:31:19+00:00","dateModified":"2026-02-12T16:05:27+00:00","description":"Explora las soluciones de an\u00e1lisis de agua, suelo y aire de LaMotte: equipos y kits de confianza para un an\u00e1lisis de alta calidad y precisi\u00f3n.","breadcrumb":{"@id":"https:\/\/lamotte.com\/es\/#breadcrumb"},"inLanguage":"es","potentialAction":[{"@type":"ReadAction","target":["https:\/\/lamotte.com\/es\/"]}]},{"@type":"ImageObject","inLanguage":"es","@id":"https:\/\/lamotte.com\/es\/#primaryimage","url":"https:\/\/lamotte.com\/wp-content\/uploads\/2025\/10\/Homepage_SocialSharing_LaMotte-min.jpg","contentUrl":"https:\/\/lamotte.com\/wp-content\/uploads\/2025\/10\/Homepage_SocialSharing_LaMotte-min.jpg","width":1200,"height":626,"caption":"El brazo de un nadador se eleva desde una piscina entre separadores de carriles. El texto superpuesto dice: L\u00edder de confianza en soluciones de an\u00e1lisis de agua. Los sistemas Waterlink de LaMotte ofrecen equipos de an\u00e1lisis de agua r\u00e1pidos, precisos y sencillos para una toma de decisiones con confianza."},{"@type":"BreadcrumbList","@id":"https:\/\/lamotte.com\/es\/#breadcrumb","itemListElement":[{"@type":"ListItem","position":1,"name":"Home","item":"https:\/\/lamotte.com\/es\/"},{"@type":"ListItem","position":2,"name":"Inicio"}]},{"@type":"WebSite","@id":"https:\/\/lamotte.com\/es\/#website","url":"https:\/\/lamotte.com\/es\/","name":"LaMotte","description":"","potentialAction":[{"@type":"SearchAction","target":{"@type":"EntryPoint","urlTemplate":"https:\/\/lamotte.com\/es\/?s={search_term_string}"},"query-input":{"@type":"PropertyValueSpecification","valueRequired":true,"valueName":"search_term_string"}}],"inLanguage":"es"}]}},"_links":{"self":[{"href":"https:\/\/lamotte.com\/es\/wp-json\/wp\/v2\/pages\/43240","targetHints":{"allow":["GET"]}}],"collection":[{"href":"https:\/\/lamotte.com\/es\/wp-json\/wp\/v2\/pages"}],"about":[{"href":"https:\/\/lamotte.com\/es\/wp-json\/wp\/v2\/types\/page"}],"author":[{"embeddable":true,"href":"https:\/\/lamotte.com\/es\/wp-json\/wp\/v2\/users\/9"}],"replies":[{"embeddable":true,"href":"https:\/\/lamotte.com\/es\/wp-json\/wp\/v2\/comments?post=43240"}],"version-history":[{"count":2,"href":"https:\/\/lamotte.com\/es\/wp-json\/wp\/v2\/pages\/43240\/revisions"}],"predecessor-version":[{"id":43939,"href":"https:\/\/lamotte.com\/es\/wp-json\/wp\/v2\/pages\/43240\/revisions\/43939"}],"wp:featuredmedia":[{"embeddable":true,"href":"https:\/\/lamotte.com\/es\/wp-json\/wp\/v2\/media\/43250"}],"wp:attachment":[{"href":"https:\/\/lamotte.com\/es\/wp-json\/wp\/v2\/media?parent=43240"}],"curies":[{"name":"wp","href":"https:\/\/api.w.org\/{rel}","templated":true}]}}