{"id":43355,"date":"2025-10-01T16:40:39","date_gmt":"2025-10-01T16:40:39","guid":{"rendered":"https:\/\/lamotte.com\/marcas\/pulso-lamotte\/"},"modified":"2025-10-01T16:40:39","modified_gmt":"2025-10-01T16:40:39","slug":"pulso-lamotte","status":"publish","type":"page","link":"https:\/\/lamotte.com\/es\/marcas\/pulso-lamotte\/","title":{"rendered":"Pulso\u00ae LaMotte"},"content":{"rendered":"","protected":false},"excerpt":{"rendered":"","protected":false},"author":6,"featured_media":44284,"parent":43261,"menu_order":0,"comment_status":"closed","ping_status":"closed","template":"","meta":{"_acf_changed":false,"footnotes":""},"class_list":["post-43355","page","type-page","status-publish","has-post-thumbnail","hentry"],"acf":[],"yoast_head":"<!-- This site is optimized with the Yoast SEO plugin v27.2 - https:\/\/yoast.com\/product\/yoast-seo-wordpress\/ -->\n<title>LaMotte Pulse | Sistema Digital Inteligente de An\u00e1lisis de Agua<\/title>\n<meta name=\"description\" content=\"LaMotte Pulse es una soluci\u00f3n inteligente port\u00e1til de pruebas que proporciona datos digitales digitales de calidad del agua en minutos.\" \/>\n<meta name=\"robots\" content=\"index, follow, max-snippet:-1, max-image-preview:large, max-video-preview:-1\" \/>\n<link rel=\"canonical\" href=\"https:\/\/lamotte.com\/es\/marcas\/pulso-lamotte\/\" \/>\n<meta property=\"og:locale\" content=\"es_ES\" \/>\n<meta property=\"og:type\" content=\"article\" \/>\n<meta property=\"og:title\" content=\"LaMotte Pulse | Sistema Digital Inteligente de An\u00e1lisis de Agua\" \/>\n<meta property=\"og:description\" content=\"LaMotte Pulse es una soluci\u00f3n inteligente port\u00e1til de pruebas que proporciona datos digitales digitales de calidad del agua en minutos.\" \/>\n<meta property=\"og:url\" content=\"https:\/\/lamotte.com\/es\/marcas\/pulso-lamotte\/\" \/>\n<meta property=\"og:site_name\" content=\"LaMotte\" \/>\n<meta name=\"twitter:card\" content=\"summary_large_image\" \/>\n<script type=\"application\/ld+json\" class=\"yoast-schema-graph\">{\"@context\":\"https:\/\/schema.org\",\"@graph\":[{\"@type\":\"WebPage\",\"@id\":\"https:\/\/lamotte.com\/es\/marcas\/pulso-lamotte\/\",\"url\":\"https:\/\/lamotte.com\/es\/marcas\/pulso-lamotte\/\",\"name\":\"LaMotte Pulse | Sistema Digital Inteligente de An\u00e1lisis de Agua\",\"isPartOf\":{\"@id\":\"https:\/\/lamotte.com\/es\/#website\"},\"primaryImageOfPage\":{\"@id\":\"https:\/\/lamotte.com\/es\/marcas\/pulso-lamotte\/#primaryimage\"},\"image\":{\"@id\":\"https:\/\/lamotte.com\/es\/marcas\/pulso-lamotte\/#primaryimage\"},\"thumbnailUrl\":\"https:\/\/lamotte.com\/wp-content\/uploads\/2026\/04\/image-2.png\",\"datePublished\":\"2025-10-01T16:40:39+00:00\",\"description\":\"LaMotte Pulse es una soluci\u00f3n inteligente port\u00e1til de pruebas que proporciona datos digitales digitales de calidad del agua en minutos.\",\"breadcrumb\":{\"@id\":\"https:\/\/lamotte.com\/es\/marcas\/pulso-lamotte\/#breadcrumb\"},\"inLanguage\":\"es\",\"potentialAction\":[{\"@type\":\"ReadAction\",\"target\":[\"https:\/\/lamotte.com\/es\/marcas\/pulso-lamotte\/\"]}]},{\"@type\":\"ImageObject\",\"inLanguage\":\"es\",\"@id\":\"https:\/\/lamotte.com\/es\/marcas\/pulso-lamotte\/#primaryimage\",\"url\":\"https:\/\/lamotte.com\/wp-content\/uploads\/2026\/04\/image-2.png\",\"contentUrl\":\"https:\/\/lamotte.com\/wp-content\/uploads\/2026\/04\/image-2.png\",\"width\":800,\"height\":800},{\"@type\":\"BreadcrumbList\",\"@id\":\"https:\/\/lamotte.com\/es\/marcas\/pulso-lamotte\/#breadcrumb\",\"itemListElement\":[{\"@type\":\"ListItem\",\"position\":1,\"name\":\"Home\",\"item\":\"https:\/\/lamotte.com\/es\/\"},{\"@type\":\"ListItem\",\"position\":2,\"name\":\"Marcas\",\"item\":\"https:\/\/lamotte.com\/es\/marcas\/\"},{\"@type\":\"ListItem\",\"position\":3,\"name\":\"Pulso\u00ae LaMotte\"}]},{\"@type\":\"WebSite\",\"@id\":\"https:\/\/lamotte.com\/es\/#website\",\"url\":\"https:\/\/lamotte.com\/es\/\",\"name\":\"LaMotte\",\"description\":\"\",\"potentialAction\":[{\"@type\":\"SearchAction\",\"target\":{\"@type\":\"EntryPoint\",\"urlTemplate\":\"https:\/\/lamotte.com\/es\/?s={search_term_string}\"},\"query-input\":{\"@type\":\"PropertyValueSpecification\",\"valueRequired\":true,\"valueName\":\"search_term_string\"}}],\"inLanguage\":\"es\"}]}<\/script>\n<!-- \/ Yoast SEO plugin. -->","yoast_head_json":{"title":"LaMotte Pulse | Sistema Digital Inteligente de An\u00e1lisis de Agua","description":"LaMotte Pulse es una soluci\u00f3n inteligente port\u00e1til de pruebas que proporciona datos digitales digitales de calidad del agua en minutos.","robots":{"index":"index","follow":"follow","max-snippet":"max-snippet:-1","max-image-preview":"max-image-preview:large","max-video-preview":"max-video-preview:-1"},"canonical":"https:\/\/lamotte.com\/es\/marcas\/pulso-lamotte\/","og_locale":"es_ES","og_type":"article","og_title":"LaMotte Pulse | Sistema Digital Inteligente de An\u00e1lisis de Agua","og_description":"LaMotte Pulse es una soluci\u00f3n inteligente port\u00e1til de pruebas que proporciona datos digitales digitales de calidad del agua en minutos.","og_url":"https:\/\/lamotte.com\/es\/marcas\/pulso-lamotte\/","og_site_name":"LaMotte","twitter_card":"summary_large_image","schema":{"@context":"https:\/\/schema.org","@graph":[{"@type":"WebPage","@id":"https:\/\/lamotte.com\/es\/marcas\/pulso-lamotte\/","url":"https:\/\/lamotte.com\/es\/marcas\/pulso-lamotte\/","name":"LaMotte Pulse | Sistema Digital Inteligente de An\u00e1lisis de Agua","isPartOf":{"@id":"https:\/\/lamotte.com\/es\/#website"},"primaryImageOfPage":{"@id":"https:\/\/lamotte.com\/es\/marcas\/pulso-lamotte\/#primaryimage"},"image":{"@id":"https:\/\/lamotte.com\/es\/marcas\/pulso-lamotte\/#primaryimage"},"thumbnailUrl":"https:\/\/lamotte.com\/wp-content\/uploads\/2026\/04\/image-2.png","datePublished":"2025-10-01T16:40:39+00:00","description":"LaMotte Pulse es una soluci\u00f3n inteligente port\u00e1til de pruebas que proporciona datos digitales digitales de calidad del agua en minutos.","breadcrumb":{"@id":"https:\/\/lamotte.com\/es\/marcas\/pulso-lamotte\/#breadcrumb"},"inLanguage":"es","potentialAction":[{"@type":"ReadAction","target":["https:\/\/lamotte.com\/es\/marcas\/pulso-lamotte\/"]}]},{"@type":"ImageObject","inLanguage":"es","@id":"https:\/\/lamotte.com\/es\/marcas\/pulso-lamotte\/#primaryimage","url":"https:\/\/lamotte.com\/wp-content\/uploads\/2026\/04\/image-2.png","contentUrl":"https:\/\/lamotte.com\/wp-content\/uploads\/2026\/04\/image-2.png","width":800,"height":800},{"@type":"BreadcrumbList","@id":"https:\/\/lamotte.com\/es\/marcas\/pulso-lamotte\/#breadcrumb","itemListElement":[{"@type":"ListItem","position":1,"name":"Home","item":"https:\/\/lamotte.com\/es\/"},{"@type":"ListItem","position":2,"name":"Marcas","item":"https:\/\/lamotte.com\/es\/marcas\/"},{"@type":"ListItem","position":3,"name":"Pulso\u00ae LaMotte"}]},{"@type":"WebSite","@id":"https:\/\/lamotte.com\/es\/#website","url":"https:\/\/lamotte.com\/es\/","name":"LaMotte","description":"","potentialAction":[{"@type":"SearchAction","target":{"@type":"EntryPoint","urlTemplate":"https:\/\/lamotte.com\/es\/?s={search_term_string}"},"query-input":{"@type":"PropertyValueSpecification","valueRequired":true,"valueName":"search_term_string"}}],"inLanguage":"es"}]}},"_links":{"self":[{"href":"https:\/\/lamotte.com\/es\/wp-json\/wp\/v2\/pages\/43355","targetHints":{"allow":["GET"]}}],"collection":[{"href":"https:\/\/lamotte.com\/es\/wp-json\/wp\/v2\/pages"}],"about":[{"href":"https:\/\/lamotte.com\/es\/wp-json\/wp\/v2\/types\/page"}],"author":[{"embeddable":true,"href":"https:\/\/lamotte.com\/es\/wp-json\/wp\/v2\/users\/6"}],"replies":[{"embeddable":true,"href":"https:\/\/lamotte.com\/es\/wp-json\/wp\/v2\/comments?post=43355"}],"version-history":[{"count":0,"href":"https:\/\/lamotte.com\/es\/wp-json\/wp\/v2\/pages\/43355\/revisions"}],"up":[{"embeddable":true,"href":"https:\/\/lamotte.com\/es\/wp-json\/wp\/v2\/pages\/43261"}],"wp:featuredmedia":[{"embeddable":true,"href":"https:\/\/lamotte.com\/es\/wp-json\/wp\/v2\/media\/44284"}],"wp:attachment":[{"href":"https:\/\/lamotte.com\/es\/wp-json\/wp\/v2\/media?parent=43355"}],"curies":[{"name":"wp","href":"https:\/\/api.w.org\/{rel}","templated":true}]}}