{"id":43374,"date":"2025-10-16T14:53:41","date_gmt":"2025-10-16T14:53:41","guid":{"rendered":"https:\/\/lamotte.com\/marcas\/lamotte-spin-touch\/"},"modified":"2025-10-16T14:53:41","modified_gmt":"2025-10-16T14:53:41","slug":"lamotte-spin-touch","status":"publish","type":"page","link":"https:\/\/lamotte.com\/es\/marcas\/lamotte-spin-touch\/","title":{"rendered":"LaMotte Spin Touch\u00ae"},"content":{"rendered":"","protected":false},"excerpt":{"rendered":"","protected":false},"author":9,"featured_media":0,"parent":43261,"menu_order":0,"comment_status":"closed","ping_status":"closed","template":"","meta":{"_acf_changed":false,"footnotes":""},"class_list":["post-43374","page","type-page","status-publish","hentry"],"acf":[],"yoast_head":"<!-- This site is optimized with the Yoast SEO plugin v27.2 - https:\/\/yoast.com\/product\/yoast-seo-wordpress\/ -->\n<title>Sistema de Prueba de Agua de Centrifugaci\u00f3n de LaMotte Company | Resultados digitales r\u00e1pidos<\/title>\n<meta name=\"description\" content=\"El Sistema de Centrifugado de LaMotte Company ofrece an\u00e1lisis r\u00e1pidos y precisos del agua utilizando la tecnolog\u00eda SpinDisk para obtener resultados de calidad de laboratorio.\" \/>\n<meta name=\"robots\" content=\"index, follow, max-snippet:-1, max-image-preview:large, max-video-preview:-1\" \/>\n<link rel=\"canonical\" href=\"https:\/\/lamotte.com\/es\/marcas\/lamotte-spin-touch\/\" \/>\n<meta property=\"og:locale\" content=\"es_ES\" \/>\n<meta property=\"og:type\" content=\"article\" \/>\n<meta property=\"og:title\" content=\"Sistema de Prueba de Agua de Centrifugaci\u00f3n de LaMotte Company | Resultados digitales r\u00e1pidos\" \/>\n<meta property=\"og:description\" content=\"El Sistema de Centrifugado de LaMotte Company ofrece an\u00e1lisis r\u00e1pidos y precisos del agua utilizando la tecnolog\u00eda SpinDisk para obtener resultados de calidad de laboratorio.\" \/>\n<meta property=\"og:url\" content=\"https:\/\/lamotte.com\/es\/marcas\/lamotte-spin-touch\/\" \/>\n<meta property=\"og:site_name\" content=\"LaMotte\" \/>\n<meta name=\"twitter:card\" content=\"summary_large_image\" \/>\n<script type=\"application\/ld+json\" class=\"yoast-schema-graph\">{\"@context\":\"https:\/\/schema.org\",\"@graph\":[{\"@type\":\"WebPage\",\"@id\":\"https:\/\/lamotte.com\/es\/marcas\/lamotte-spin-touch\/\",\"url\":\"https:\/\/lamotte.com\/es\/marcas\/lamotte-spin-touch\/\",\"name\":\"Sistema de Prueba de Agua de Centrifugaci\u00f3n de LaMotte Company | Resultados digitales r\u00e1pidos\",\"isPartOf\":{\"@id\":\"https:\/\/lamotte.com\/es\/#website\"},\"datePublished\":\"2025-10-16T14:53:41+00:00\",\"description\":\"El Sistema de Centrifugado de LaMotte Company ofrece an\u00e1lisis r\u00e1pidos y precisos del agua utilizando la tecnolog\u00eda SpinDisk para obtener resultados de calidad de laboratorio.\",\"breadcrumb\":{\"@id\":\"https:\/\/lamotte.com\/es\/marcas\/lamotte-spin-touch\/#breadcrumb\"},\"inLanguage\":\"es\",\"potentialAction\":[{\"@type\":\"ReadAction\",\"target\":[\"https:\/\/lamotte.com\/es\/marcas\/lamotte-spin-touch\/\"]}]},{\"@type\":\"BreadcrumbList\",\"@id\":\"https:\/\/lamotte.com\/es\/marcas\/lamotte-spin-touch\/#breadcrumb\",\"itemListElement\":[{\"@type\":\"ListItem\",\"position\":1,\"name\":\"Home\",\"item\":\"https:\/\/lamotte.com\/es\/\"},{\"@type\":\"ListItem\",\"position\":2,\"name\":\"Marcas\",\"item\":\"https:\/\/lamotte.com\/es\/marcas\/\"},{\"@type\":\"ListItem\",\"position\":3,\"name\":\"LaMotte Spin Touch\u00ae\"}]},{\"@type\":\"WebSite\",\"@id\":\"https:\/\/lamotte.com\/es\/#website\",\"url\":\"https:\/\/lamotte.com\/es\/\",\"name\":\"LaMotte\",\"description\":\"\",\"potentialAction\":[{\"@type\":\"SearchAction\",\"target\":{\"@type\":\"EntryPoint\",\"urlTemplate\":\"https:\/\/lamotte.com\/es\/?s={search_term_string}\"},\"query-input\":{\"@type\":\"PropertyValueSpecification\",\"valueRequired\":true,\"valueName\":\"search_term_string\"}}],\"inLanguage\":\"es\"}]}<\/script>\n<!-- \/ Yoast SEO plugin. -->","yoast_head_json":{"title":"Sistema de Prueba de Agua de Centrifugaci\u00f3n de LaMotte Company | Resultados digitales r\u00e1pidos","description":"El Sistema de Centrifugado de LaMotte Company ofrece an\u00e1lisis r\u00e1pidos y precisos del agua utilizando la tecnolog\u00eda SpinDisk para obtener resultados de calidad de laboratorio.","robots":{"index":"index","follow":"follow","max-snippet":"max-snippet:-1","max-image-preview":"max-image-preview:large","max-video-preview":"max-video-preview:-1"},"canonical":"https:\/\/lamotte.com\/es\/marcas\/lamotte-spin-touch\/","og_locale":"es_ES","og_type":"article","og_title":"Sistema de Prueba de Agua de Centrifugaci\u00f3n de LaMotte Company | Resultados digitales r\u00e1pidos","og_description":"El Sistema de Centrifugado de LaMotte Company ofrece an\u00e1lisis r\u00e1pidos y precisos del agua utilizando la tecnolog\u00eda SpinDisk para obtener resultados de calidad de laboratorio.","og_url":"https:\/\/lamotte.com\/es\/marcas\/lamotte-spin-touch\/","og_site_name":"LaMotte","twitter_card":"summary_large_image","schema":{"@context":"https:\/\/schema.org","@graph":[{"@type":"WebPage","@id":"https:\/\/lamotte.com\/es\/marcas\/lamotte-spin-touch\/","url":"https:\/\/lamotte.com\/es\/marcas\/lamotte-spin-touch\/","name":"Sistema de Prueba de Agua de Centrifugaci\u00f3n de LaMotte Company | Resultados digitales r\u00e1pidos","isPartOf":{"@id":"https:\/\/lamotte.com\/es\/#website"},"datePublished":"2025-10-16T14:53:41+00:00","description":"El Sistema de Centrifugado de LaMotte Company ofrece an\u00e1lisis r\u00e1pidos y precisos del agua utilizando la tecnolog\u00eda SpinDisk para obtener resultados de calidad de laboratorio.","breadcrumb":{"@id":"https:\/\/lamotte.com\/es\/marcas\/lamotte-spin-touch\/#breadcrumb"},"inLanguage":"es","potentialAction":[{"@type":"ReadAction","target":["https:\/\/lamotte.com\/es\/marcas\/lamotte-spin-touch\/"]}]},{"@type":"BreadcrumbList","@id":"https:\/\/lamotte.com\/es\/marcas\/lamotte-spin-touch\/#breadcrumb","itemListElement":[{"@type":"ListItem","position":1,"name":"Home","item":"https:\/\/lamotte.com\/es\/"},{"@type":"ListItem","position":2,"name":"Marcas","item":"https:\/\/lamotte.com\/es\/marcas\/"},{"@type":"ListItem","position":3,"name":"LaMotte Spin Touch\u00ae"}]},{"@type":"WebSite","@id":"https:\/\/lamotte.com\/es\/#website","url":"https:\/\/lamotte.com\/es\/","name":"LaMotte","description":"","potentialAction":[{"@type":"SearchAction","target":{"@type":"EntryPoint","urlTemplate":"https:\/\/lamotte.com\/es\/?s={search_term_string}"},"query-input":{"@type":"PropertyValueSpecification","valueRequired":true,"valueName":"search_term_string"}}],"inLanguage":"es"}]}},"_links":{"self":[{"href":"https:\/\/lamotte.com\/es\/wp-json\/wp\/v2\/pages\/43374","targetHints":{"allow":["GET"]}}],"collection":[{"href":"https:\/\/lamotte.com\/es\/wp-json\/wp\/v2\/pages"}],"about":[{"href":"https:\/\/lamotte.com\/es\/wp-json\/wp\/v2\/types\/page"}],"author":[{"embeddable":true,"href":"https:\/\/lamotte.com\/es\/wp-json\/wp\/v2\/users\/9"}],"replies":[{"embeddable":true,"href":"https:\/\/lamotte.com\/es\/wp-json\/wp\/v2\/comments?post=43374"}],"version-history":[{"count":0,"href":"https:\/\/lamotte.com\/es\/wp-json\/wp\/v2\/pages\/43374\/revisions"}],"up":[{"embeddable":true,"href":"https:\/\/lamotte.com\/es\/wp-json\/wp\/v2\/pages\/43261"}],"wp:attachment":[{"href":"https:\/\/lamotte.com\/es\/wp-json\/wp\/v2\/media?parent=43374"}],"curies":[{"name":"wp","href":"https:\/\/api.w.org\/{rel}","templated":true}]}}