{"id":39956,"date":"2025-08-04T14:31:19","date_gmt":"2025-08-04T14:31:19","guid":{"rendered":"https:\/\/lamotte.com\/accueil\/"},"modified":"2026-02-12T16:04:01","modified_gmt":"2026-02-12T16:04:01","slug":"accueil","status":"publish","type":"page","link":"https:\/\/lamotte.com\/fr\/","title":{"rendered":"Accueil"},"content":{"rendered":"\n<h2>\n\t\t\tAccuracy Backed by a Century of Science\t<\/h2>\n\t<p>For over a century, LaMotte has equipped professionals and homeowners alike with the tools they need to test water quickly, accurately, and safely on-site.<\/p>\n\t\t100+\n\t\t\t\t\tyears of innovation\n\t\t75+\n\t\t\t\t\tcountries served\n\t\t2,000,000+\n\t\t\t\t\ttests performed daily\n<h2>\n\t\t\tIndustry-Leading Experts in Diverse Markets &amp; Applications\t<\/h2>\n\t\n    .FeaturedProduct {\n        border-radius: 100px;\n        color: #FFF;\n        display:flex; \n        align-items: center;\n        gap: 8px;  \n        padding: 8px 12px;\n        width: fit-content;\n        background-color: rgba(255, 255, 255, 0.1);\n        font-family: &lsquo;Manrope&rsquo;;\n        font-size: 1.4rem;\n        line-height: 1;\n    }\n\n    Application Note\n<h2>\n\t\t\tFaster, Safer Water Testing for Well Drillers\t<\/h2>\n\t<p>Discover how Spin Touch\u00ae helps drilling teams get accurate, on-site results in just minutes. This guide shows how to protect your equipment, streamline compliance, and ensure clean, reliable well water at every stage.<\/p>\n\t<p>\u00ab\u00a0The demand for new wells likely outpaces the supply of drilling firms. With ~8,000 firms constructing half a million wells each year, the speed and efficiency of each drilling project are paramount for success.\u00a0\u00bb<\/p>\n\t\t\t<a href=\"\/application-note\/well-drilling-application-note\/\" target=\"_self\">\n\t\t\t\t\t\t\tRead Full Case Study\n\t\t\t\t\t<\/a>\n<h2>\n\t\t\tLaMotte Brands\t<\/h2>\n\t<p>Purpose-built solutions for every testing need, from lab to field.<\/p>\n\t\t\t<a href=\"\/brands\/\" target=\"_self\">\n\t\t\t\t\t\t\tView All Brands\n\t\t\t<\/a>\n\t\t\t\t\t\t\t\t\n    \t\t\t\t<a href=\"\/brands\/lamotte-spin\/\" target=\"_self\" rel=\"\">\n\t\t\t\t<img decoding=\"async\" src=\"https:\/\/lamotte.com\/wp-content\/uploads\/2025\/10\/lamotte-pulse-heart-composite-resized.png\" \/>\n\t\t\t\t<img decoding=\"async\" src=\"https:\/\/lamotte.com\/wp-content\/uploads\/2025\/10\/Spin-logo-RGB-white-Huemor-cropped.svg\" \/>\n\t\t\t<\/a>\n\t\t\t\t\t<a href=\"\/brands\/lamotte-insta-test\/\" target=\"_self\" rel=\"\">\n\t\t\t\t<img decoding=\"async\" src=\"https:\/\/lamotte.com\/wp-content\/uploads\/2025\/10\/Insta-Test-resized.png\" \/>\n\t\t\t\t<img decoding=\"async\" src=\"https:\/\/lamotte.com\/wp-content\/uploads\/2025\/10\/Insta-Test-logo-RGB-white-Huemor-cropped.svg\" \/>\n\t\t\t<\/a>\n\t\t\t\t\t<a href=\"\/brands\/lamotte-waterlink\/\" target=\"_self\" rel=\"\">\n\t\t\t\t<img decoding=\"async\" src=\"https:\/\/lamotte.com\/wp-content\/uploads\/2025\/10\/WaterLink.webp\" \/>\n\t\t\t\t<img decoding=\"async\" src=\"https:\/\/lamotte.com\/wp-content\/uploads\/2025\/10\/Waterlink-logo-RGB-white-Huemor-cropped.svg\" \/>\n\t\t\t<\/a>\n\t\t\t\t\t<a href=\"\/brands\/lamotte-pulse\/\" target=\"_self\" rel=\"\">\n\t\t\t\t<img decoding=\"async\" src=\"https:\/\/lamotte.com\/wp-content\/uploads\/2025\/10\/LaMotte-Pulse-e1761243766889.webp\" \/>\n\t\t\t\t<img decoding=\"async\" src=\"https:\/\/lamotte.com\/wp-content\/uploads\/2025\/10\/Pulse-logo-RGB-white-Huemor-cropped.svg\" \/>\n\t\t\t<\/a>\n\t<h2>\n\t\t\tGlobal Network Serving 75+ Countries\t<\/h2>\n\t<p>With a comprehensive global sales network, LaMotte is prepared to help you access the ideal water analysis products for your needs.<\/p>\n\t\t\t<a href=\"\/where-to-buy\/\" target=\"_self\">\n\t\t\t\t\t\t\t Where to Buy LaMotte Products\n\t\t\t<\/a>\n\n","protected":false},"excerpt":{"rendered":"<p>Accuracy Backed by a Century of Science For over a century, LaMotte has equipped professionals and homeowners alike with the tools they need to test water quickly, accurately, and safely on-site. 100+ years of innovation 75+ countries served 2,000,000+ tests performed daily Industry-Leading Experts in Diverse Markets &amp; Applications .FeaturedProduct { border-radius: 100px; color: #FFF; [&hellip;]<\/p>\n","protected":false},"author":9,"featured_media":39955,"parent":0,"menu_order":0,"comment_status":"closed","ping_status":"closed","template":"","meta":{"_acf_changed":false,"footnotes":""},"class_list":["post-39956","page","type-page","status-publish","has-post-thumbnail","hentry"],"acf":[],"yoast_head":"<!-- This site is optimized with the Yoast SEO plugin v27.2 - https:\/\/yoast.com\/product\/yoast-seo-wordpress\/ -->\n<title>LaMotte Company - Qualit\u00e9 de l&#039;eau et mat\u00e9riel d&#039;analyse<\/title>\n<meta name=\"description\" content=\"D\u00e9couvrez les solutions LaMotte pour l&#039;analyse de l&#039;eau, du sol et de l&#039;air : des \u00e9quipements et des kits fiables pour des analyses pr\u00e9cises et de haute qualit\u00e9.\" \/>\n<meta name=\"robots\" content=\"index, follow, max-snippet:-1, max-image-preview:large, max-video-preview:-1\" \/>\n<link rel=\"canonical\" href=\"https:\/\/lamotte.com\/fr\/\" \/>\n<meta property=\"og:locale\" content=\"fr_FR\" \/>\n<meta property=\"og:type\" content=\"article\" \/>\n<meta property=\"og:title\" content=\"LaMotte Company - Qualit\u00e9 de l&#039;eau et mat\u00e9riel d&#039;analyse\" \/>\n<meta property=\"og:description\" content=\"D\u00e9couvrez les solutions LaMotte pour l&#039;analyse de l&#039;eau, du sol et de l&#039;air : des \u00e9quipements et des kits fiables pour des analyses pr\u00e9cises et de haute qualit\u00e9.\" \/>\n<meta property=\"og:url\" content=\"https:\/\/lamotte.com\/fr\/\" \/>\n<meta property=\"og:site_name\" content=\"LaMotte\" \/>\n<meta property=\"article:modified_time\" content=\"2026-02-12T16:04:01+00:00\" \/>\n<meta property=\"og:image\" content=\"https:\/\/lamotte.com\/wp-content\/uploads\/2025\/10\/Homepage_SocialSharing_LaMotte-min.jpg\" \/>\n\t<meta property=\"og:image:width\" content=\"1200\" \/>\n\t<meta property=\"og:image:height\" content=\"626\" \/>\n\t<meta property=\"og:image:type\" content=\"image\/jpeg\" \/>\n<meta name=\"twitter:card\" content=\"summary_large_image\" \/>\n<meta name=\"twitter:label1\" content=\"Dur\u00e9e de lecture estim\u00e9e\" \/>\n\t<meta name=\"twitter:data1\" content=\"1 minute\" \/>\n<script type=\"application\/ld+json\" class=\"yoast-schema-graph\">{\"@context\":\"https:\/\/schema.org\",\"@graph\":[{\"@type\":\"WebPage\",\"@id\":\"https:\/\/lamotte.com\/fr\/\",\"url\":\"https:\/\/lamotte.com\/fr\/\",\"name\":\"LaMotte Company - Qualit\u00e9 de l'eau et mat\u00e9riel d'analyse\",\"isPartOf\":{\"@id\":\"https:\/\/lamotte.com\/fr\/#website\"},\"primaryImageOfPage\":{\"@id\":\"https:\/\/lamotte.com\/fr\/#primaryimage\"},\"image\":{\"@id\":\"https:\/\/lamotte.com\/fr\/#primaryimage\"},\"thumbnailUrl\":\"https:\/\/lamotte.com\/wp-content\/uploads\/2025\/10\/Homepage_SocialSharing_LaMotte-min.jpg\",\"datePublished\":\"2025-08-04T14:31:19+00:00\",\"dateModified\":\"2026-02-12T16:04:01+00:00\",\"description\":\"D\u00e9couvrez les solutions LaMotte pour l'analyse de l'eau, du sol et de l'air : des \u00e9quipements et des kits fiables pour des analyses pr\u00e9cises et de haute qualit\u00e9.\",\"breadcrumb\":{\"@id\":\"https:\/\/lamotte.com\/fr\/#breadcrumb\"},\"inLanguage\":\"fr-FR\",\"potentialAction\":[{\"@type\":\"ReadAction\",\"target\":[\"https:\/\/lamotte.com\/fr\/\"]}]},{\"@type\":\"ImageObject\",\"inLanguage\":\"fr-FR\",\"@id\":\"https:\/\/lamotte.com\/fr\/#primaryimage\",\"url\":\"https:\/\/lamotte.com\/wp-content\/uploads\/2025\/10\/Homepage_SocialSharing_LaMotte-min.jpg\",\"contentUrl\":\"https:\/\/lamotte.com\/wp-content\/uploads\/2025\/10\/Homepage_SocialSharing_LaMotte-min.jpg\",\"width\":1200,\"height\":626,\"caption\":\"Le bras d'un nageur \u00e9merge d'une piscine au milieu des s\u00e9parateurs de couloirs. Le texte superpos\u00e9 est le suivant : \\\"Trusted Leader In Water Analysis Solutions\\\" : Leader de confiance en mati\u00e8re de solutions d'analyse de l'eau. Les syst\u00e8mes Waterlink de LaMotte offrent un \u00e9quipement d'analyse de l'eau rapide, pr\u00e9cis et facile \u00e0 utiliser pour une prise de d\u00e9cision en toute confiance.\"},{\"@type\":\"BreadcrumbList\",\"@id\":\"https:\/\/lamotte.com\/fr\/#breadcrumb\",\"itemListElement\":[{\"@type\":\"ListItem\",\"position\":1,\"name\":\"Home\",\"item\":\"https:\/\/lamotte.com\/fr\/\"},{\"@type\":\"ListItem\",\"position\":2,\"name\":\"Accueil\"}]},{\"@type\":\"WebSite\",\"@id\":\"https:\/\/lamotte.com\/fr\/#website\",\"url\":\"https:\/\/lamotte.com\/fr\/\",\"name\":\"LaMotte\",\"description\":\"\",\"potentialAction\":[{\"@type\":\"SearchAction\",\"target\":{\"@type\":\"EntryPoint\",\"urlTemplate\":\"https:\/\/lamotte.com\/fr\/?s={search_term_string}\"},\"query-input\":{\"@type\":\"PropertyValueSpecification\",\"valueRequired\":true,\"valueName\":\"search_term_string\"}}],\"inLanguage\":\"fr-FR\"}]}<\/script>\n<!-- \/ Yoast SEO plugin. -->","yoast_head_json":{"title":"LaMotte Company - Qualit\u00e9 de l'eau et mat\u00e9riel d'analyse","description":"D\u00e9couvrez les solutions LaMotte pour l'analyse de l'eau, du sol et de l'air : des \u00e9quipements et des kits fiables pour des analyses pr\u00e9cises et de haute qualit\u00e9.","robots":{"index":"index","follow":"follow","max-snippet":"max-snippet:-1","max-image-preview":"max-image-preview:large","max-video-preview":"max-video-preview:-1"},"canonical":"https:\/\/lamotte.com\/fr\/","og_locale":"fr_FR","og_type":"article","og_title":"LaMotte Company - Qualit\u00e9 de l'eau et mat\u00e9riel d'analyse","og_description":"D\u00e9couvrez les solutions LaMotte pour l'analyse de l'eau, du sol et de l'air : des \u00e9quipements et des kits fiables pour des analyses pr\u00e9cises et de haute qualit\u00e9.","og_url":"https:\/\/lamotte.com\/fr\/","og_site_name":"LaMotte","article_modified_time":"2026-02-12T16:04:01+00:00","og_image":[{"width":1200,"height":626,"url":"https:\/\/lamotte.com\/wp-content\/uploads\/2025\/10\/Homepage_SocialSharing_LaMotte-min.jpg","type":"image\/jpeg"}],"twitter_card":"summary_large_image","twitter_misc":{"Dur\u00e9e de lecture estim\u00e9e":"1 minute"},"schema":{"@context":"https:\/\/schema.org","@graph":[{"@type":"WebPage","@id":"https:\/\/lamotte.com\/fr\/","url":"https:\/\/lamotte.com\/fr\/","name":"LaMotte Company - Qualit\u00e9 de l'eau et mat\u00e9riel d'analyse","isPartOf":{"@id":"https:\/\/lamotte.com\/fr\/#website"},"primaryImageOfPage":{"@id":"https:\/\/lamotte.com\/fr\/#primaryimage"},"image":{"@id":"https:\/\/lamotte.com\/fr\/#primaryimage"},"thumbnailUrl":"https:\/\/lamotte.com\/wp-content\/uploads\/2025\/10\/Homepage_SocialSharing_LaMotte-min.jpg","datePublished":"2025-08-04T14:31:19+00:00","dateModified":"2026-02-12T16:04:01+00:00","description":"D\u00e9couvrez les solutions LaMotte pour l'analyse de l'eau, du sol et de l'air : des \u00e9quipements et des kits fiables pour des analyses pr\u00e9cises et de haute qualit\u00e9.","breadcrumb":{"@id":"https:\/\/lamotte.com\/fr\/#breadcrumb"},"inLanguage":"fr-FR","potentialAction":[{"@type":"ReadAction","target":["https:\/\/lamotte.com\/fr\/"]}]},{"@type":"ImageObject","inLanguage":"fr-FR","@id":"https:\/\/lamotte.com\/fr\/#primaryimage","url":"https:\/\/lamotte.com\/wp-content\/uploads\/2025\/10\/Homepage_SocialSharing_LaMotte-min.jpg","contentUrl":"https:\/\/lamotte.com\/wp-content\/uploads\/2025\/10\/Homepage_SocialSharing_LaMotte-min.jpg","width":1200,"height":626,"caption":"Le bras d'un nageur \u00e9merge d'une piscine au milieu des s\u00e9parateurs de couloirs. Le texte superpos\u00e9 est le suivant : \"Trusted Leader In Water Analysis Solutions\" : Leader de confiance en mati\u00e8re de solutions d'analyse de l'eau. Les syst\u00e8mes Waterlink de LaMotte offrent un \u00e9quipement d'analyse de l'eau rapide, pr\u00e9cis et facile \u00e0 utiliser pour une prise de d\u00e9cision en toute confiance."},{"@type":"BreadcrumbList","@id":"https:\/\/lamotte.com\/fr\/#breadcrumb","itemListElement":[{"@type":"ListItem","position":1,"name":"Home","item":"https:\/\/lamotte.com\/fr\/"},{"@type":"ListItem","position":2,"name":"Accueil"}]},{"@type":"WebSite","@id":"https:\/\/lamotte.com\/fr\/#website","url":"https:\/\/lamotte.com\/fr\/","name":"LaMotte","description":"","potentialAction":[{"@type":"SearchAction","target":{"@type":"EntryPoint","urlTemplate":"https:\/\/lamotte.com\/fr\/?s={search_term_string}"},"query-input":{"@type":"PropertyValueSpecification","valueRequired":true,"valueName":"search_term_string"}}],"inLanguage":"fr-FR"}]}},"_links":{"self":[{"href":"https:\/\/lamotte.com\/fr\/wp-json\/wp\/v2\/pages\/39956","targetHints":{"allow":["GET"]}}],"collection":[{"href":"https:\/\/lamotte.com\/fr\/wp-json\/wp\/v2\/pages"}],"about":[{"href":"https:\/\/lamotte.com\/fr\/wp-json\/wp\/v2\/types\/page"}],"author":[{"embeddable":true,"href":"https:\/\/lamotte.com\/fr\/wp-json\/wp\/v2\/users\/9"}],"replies":[{"embeddable":true,"href":"https:\/\/lamotte.com\/fr\/wp-json\/wp\/v2\/comments?post=39956"}],"version-history":[{"count":7,"href":"https:\/\/lamotte.com\/fr\/wp-json\/wp\/v2\/pages\/39956\/revisions"}],"predecessor-version":[{"id":43919,"href":"https:\/\/lamotte.com\/fr\/wp-json\/wp\/v2\/pages\/39956\/revisions\/43919"}],"wp:featuredmedia":[{"embeddable":true,"href":"https:\/\/lamotte.com\/fr\/wp-json\/wp\/v2\/media\/39955"}],"wp:attachment":[{"href":"https:\/\/lamotte.com\/fr\/wp-json\/wp\/v2\/media?parent=39956"}],"curies":[{"name":"wp","href":"https:\/\/api.w.org\/{rel}","templated":true}]}}