{"id":40065,"date":"2025-08-27T08:47:37","date_gmt":"2025-08-27T08:47:37","guid":{"rendered":"https:\/\/lamotte.com\/marques\/"},"modified":"2026-01-14T12:55:12","modified_gmt":"2026-01-14T12:55:12","slug":"marques","status":"publish","type":"page","link":"https:\/\/lamotte.com\/fr\/marques\/","title":{"rendered":"Marques"},"content":{"rendered":"\n\n\t\t\t\t\t\t\t\t<h1>\n\t\t\t\t\tLaMotte Brands\t\t\t\t\t<\/h1>\n    \t\t\t\t<a \n\t\t\t\thref=\"\/brands\/lamotte-spin\/\"\t\t\t\ttarget=\"_self\" \n\t\t\t\trel=\"\">\n\t\t\t\t<img decoding=\"async\" src=\"https:\/\/lamotte.com\/wp-content\/uploads\/2025\/10\/3580-meter-disks.png\" \/>\n\t\t\t\t<img decoding=\"async\" src=\"https:\/\/lamotte.com\/wp-content\/uploads\/2025\/10\/Spin-logo-RGB-white-Huemor-cropped.svg\" \/>\n\t\t\t\t<p>Automated Colorimeters<\/p>\n\t\t\t<\/a>\n\t\t\t\t\t<a \n\t\t\t\thref=\"\/brands\/lamotte-insta-test\/\"\t\t\t\ttarget=\"_self\" \n\t\t\t\trel=\"\">\n\t\t\t\t<img decoding=\"async\" src=\"https:\/\/lamotte.com\/wp-content\/uploads\/2025\/10\/Insta-Test.png\" \/>\n\t\t\t\t<img decoding=\"async\" src=\"https:\/\/lamotte.com\/wp-content\/uploads\/2025\/10\/Insta-Test-logo-RGB-white-Huemor-cropped.svg\" \/>\n\t\t\t\t<p>Test Strips<\/p>\n\t\t\t<\/a>\n\t\t\t\t\t<a \n\t\t\t\thref=\"\/brands\/lamotte-waterlink\/\"\t\t\t\ttarget=\"_self\" \n\t\t\t\trel=\"\">\n\t\t\t\t<img decoding=\"async\" src=\"https:\/\/lamotte.com\/wp-content\/uploads\/2025\/10\/WaterLink.webp\" \/>\n\t\t\t\t<img decoding=\"async\" src=\"https:\/\/lamotte.com\/wp-content\/uploads\/2025\/10\/Waterlink-logo-RGB-white-Huemor-cropped.svg\" \/>\n\t\t\t\t<p>Software &amp; Apps<\/p>\n\t\t\t<\/a>\n\t\t\t\t\t<a \n\t\t\t\thref=\"\/brands\/lamotte-pulse\/\"\t\t\t\ttarget=\"_self\" \n\t\t\t\trel=\"\">\n\t\t\t\t<img decoding=\"async\" src=\"https:\/\/lamotte.com\/wp-content\/uploads\/2025\/10\/LaMotte-Pulse-e1761243766889.webp\" \/>\n\t\t\t\t<img decoding=\"async\" src=\"https:\/\/lamotte.com\/wp-content\/uploads\/2025\/10\/Pulse-logo-RGB-white-Huemor-cropped.svg\" \/>\n\t\t\t\t<p>In-Line \/ Continuous Monitors<\/p>\n\t\t\t<\/a>\n\t\t\t\t\t<a \n\t\t\t\thref=\"\/brands\/colorq\/\"\t\t\t\ttarget=\"_self\" \n\t\t\t\trel=\"\">\n\t\t\t\t<img decoding=\"async\" src=\"https:\/\/lamotte.com\/wp-content\/uploads\/2025\/10\/ColorQ2x-meter.png\" \/>\n\t\t\t\t<img decoding=\"async\" src=\"https:\/\/lamotte.com\/wp-content\/uploads\/2025\/10\/ColorQ2x-logo-RGB-white-Huemor-cropped.svg\" \/>\n\t\t\t\t<p>Handheld Colorimeters<\/p>\n\t\t\t<\/a>\n\t\t\t\t\t<a \n\t\t\t\thref=\"\/brands\/tracer\/\"\t\t\t\ttarget=\"_self\" \n\t\t\t\trel=\"\">\n\t\t\t\t<img decoding=\"async\" src=\"https:\/\/lamotte.com\/wp-content\/uploads\/2025\/10\/Tracer_compressed.png\" \/>\n\t\t\t\t<img decoding=\"async\" src=\"https:\/\/lamotte.com\/wp-content\/uploads\/2025\/10\/Tracer-logo-RGB-white-Huemor-cropped.svg\" \/>\n\t\t\t\t<p>Pocket Testers<\/p>\n\t\t\t<\/a>\n\t\t\t\t\t<a \n\t\t\t\thref=\"\/brands\/smart\/\"\t\t\t\ttarget=\"_self\" \n\t\t\t\trel=\"\">\n\t\t\t\t<img decoding=\"async\" src=\"https:\/\/lamotte.com\/wp-content\/uploads\/2025\/11\/Smart3.png\" \/>\n\t\t\t\t<img decoding=\"async\" src=\"https:\/\/lamotte.com\/wp-content\/uploads\/2025\/11\/Smart3-logo-RGB-white-Huemor.svg\" \/>\n\t\t\t\t<p>Reading Colorimeter<\/p>\n\t\t\t<\/a>\n\t\t\t\t\t<a \n\t\t\t\thref=\"\/brands\/pool-mgr\/\"\t\t\t\ttarget=\"_self\" \n\t\t\t\trel=\"\">\n\t\t\t\t<img decoding=\"async\" src=\"https:\/\/lamotte.com\/wp-content\/uploads\/2025\/10\/PoolMGR-Kit_compressed.png\" \/>\n\t\t\t\t<img decoding=\"async\" src=\"https:\/\/lamotte.com\/wp-content\/uploads\/2025\/10\/PoolMGR-logo-RGB-white-Huemor-cropped.svg\" \/>\n\t\t\t\t<p>Visual Comparator Kits<\/p>\n\t\t\t<\/a>\n\t\t\t\t\t<a \n\t\t\t\thref=\"\/brands\/testabs\/\"\t\t\t\ttarget=\"_self\" \n\t\t\t\trel=\"\">\n\t\t\t\t<img decoding=\"async\" src=\"https:\/\/lamotte.com\/wp-content\/uploads\/2025\/10\/TesTabs_compressed.png\" \/>\n\t\t\t\t<img decoding=\"async\" src=\"https:\/\/lamotte.com\/wp-content\/uploads\/2025\/10\/TesTabs-logo-RGB-white-Huemor-cropped.svg\" \/>\n\t\t\t\t<p>Tablet Reagents<\/p>\n\t\t\t<\/a>\n\t\t\t\t\t<a \n\t\t\t\thref=\"\/brands\/brewlab\/\"\t\t\t\ttarget=\"_self\" \n\t\t\t\trel=\"\">\n\t\t\t\t<img decoding=\"async\" src=\"https:\/\/lamotte.com\/wp-content\/uploads\/2025\/12\/BrewLab_Cropped.png\" \/>\n\t\t\t\t<img decoding=\"async\" src=\"https:\/\/lamotte.com\/wp-content\/uploads\/2025\/12\/BrewLab-logo-RGB-white-Huemor-Cropped.svg\" \/>\n\t\t\t\t<p>Water Analysis<\/p>\n\t\t\t<\/a>\n\t<h2>\n\t\t\tSearch by Product Type\t<\/h2>\n                    <a href=\"https:\/\/lamotte.com\/fr\/produits\/type-de-produit\/colorimetres\/\">\n                                                                <img decoding=\"async\" src=\"https:\/\/lamotte.com\/wp-content\/uploads\/bb-plugin\/cache\/Colorimeters_Product_Highlight_updated_-circle-dabace606a05c0942e9414854b2220f6-.jpg\" alt=\"Colorimeters_Product_Highlight_updated_\" itemprop=\"image\" sizes=\"(max-width: 1024px) 100vw, 25vw\" \/>\n                                                    \n                            Colorimeters                        \n                                                                        <\/a>\n                    <a href=\"\/products\/product-type\/tablets\/\">\n                                                                <img decoding=\"async\" src=\"https:\/\/lamotte.com\/wp-content\/uploads\/bb-plugin\/cache\/SpinDisk_Product_Highlight_updated_-circle-01b56b6bb10147cafde9441503ee417e-.jpg\" alt=\"SpinDisk_Product_Highlight_updated_\" itemprop=\"image\" sizes=\"(max-width: 1024px) 100vw, 25vw\" \/>\n                                                    \n                             SpinDisks, Reagents &#038; Tablets                        \n                                                                        <\/a>\n                    <a href=\"https:\/\/lamotte.com\/fr\/produits\/type-de-produit\/turbidimetres\/\">\n                                                                <img decoding=\"async\" src=\"https:\/\/lamotte.com\/wp-content\/uploads\/bb-plugin\/cache\/Turbidimeters_Product_Highlight_updated_-circle-8927ddf2dcbbf875682da9ded6c35b27-.jpg\" alt=\"Turbidimeters_Product_Highlight_updated_\" itemprop=\"image\" sizes=\"(max-width: 1024px) 100vw, 25vw\" \/>\n                                                    \n                             Turbidimeters                        \n                                                                        <\/a>\n                    <a href=\"https:\/\/lamotte.com\/fr\/produits\/type-de-produit\/testeurs-de-poche\/\">\n                                                                <img decoding=\"async\" src=\"https:\/\/lamotte.com\/wp-content\/uploads\/bb-plugin\/cache\/PocketTesters_Product_Highlight_updated_-circle-98743001a6661e6a854c22becebe7a60-.jpg\" alt=\"PocketTesters_Product_Highlight_updated_\" itemprop=\"image\" sizes=\"(max-width: 1024px) 100vw, 25vw\" \/>\n                                                    \n                             Pocket Testers                        \n                                                                        <\/a>\n                    <a href=\"https:\/\/lamotte.com\/fr\/produits\/type-de-produit\/bandes-de-test\/\">\n                                                                <img decoding=\"async\" src=\"https:\/\/lamotte.com\/wp-content\/uploads\/bb-plugin\/cache\/TestStrips_Product_Highlight_updated_-circle-c424715b0ebb373dc424b796ac821437-.jpg\" alt=\"TestStrips_Product_Highlight_updated_\" itemprop=\"image\" sizes=\"(max-width: 1024px) 100vw, 25vw\" \/>\n                                                    \n                             Test Strips                        \n                                                                        <\/a>\n                    <a href=\"https:\/\/lamotte.com\/fr\/produits\/type-de-produit\/moniteurs-en-ligne-continus\/\">\n                                                                <img decoding=\"async\" src=\"https:\/\/lamotte.com\/wp-content\/uploads\/bb-plugin\/cache\/In-LineMonitors_Product_Highlight_updated_-circle-afa800b0650c8b20339367b49d278333-.jpg\" alt=\"In-LineMonitors_Product_Highlight_updated_\" itemprop=\"image\" sizes=\"(max-width: 1024px) 100vw, 25vw\" \/>\n                                                    \n                             In-Line \/ Continuous Monitors                        \n                                                                        <\/a>\n                    <a href=\"https:\/\/lamotte.com\/fr\/produits\/type-de-produit\/kits-de-test\/\">\n                                                                <img decoding=\"async\" src=\"https:\/\/lamotte.com\/wp-content\/uploads\/bb-plugin\/cache\/TestKits_Product_Highlight_updated_-circle-61e5d90eb90c75afe63a1ca42930293b-.jpg\" alt=\"TestKits_Product_Highlight_updated_\" itemprop=\"image\" sizes=\"(max-width: 1024px) 100vw, 25vw\" \/>\n                                                    \n                            Test Kits                        \n                                                                        <\/a>\n                    <a href=\"\/products\/product-type\/software\/\">\n                                                                <img decoding=\"async\" src=\"https:\/\/lamotte.com\/wp-content\/uploads\/bb-plugin\/cache\/Software_Product_Highlight_updated_-circle-41b2c9042d6b110ea3413e99c7e92619-.jpg\" alt=\"Software_Product_Highlight_updated_\" itemprop=\"image\" sizes=\"(max-width: 1024px) 100vw, 25vw\" \/>\n                                                    \n                             Software &#038; Apps                        \n                                                                        <\/a>\n    <h2>\n\t\t\tGlobal Network Serving 75+ Countries\t<\/h2>\n\t<p>With a comprehensive global sales network, LaMotte is prepared to help you access the ideal water analysis products for your needs.<\/p>\n\t\t\t<a href=\"https:\/\/lamotte.com\/fr\/ou-acheter\/\" target=\"_self\">\n\t\t\t\t\t\t\tWhere to Buy LaMotte Products\n\t\t\t<\/a>\n\n","protected":false},"excerpt":{"rendered":"<p>LaMotte Brands Automated Colorimeters Test Strips Software &amp; Apps In-Line \/ Continuous Monitors Handheld Colorimeters Pocket Testers Reading Colorimeter Visual Comparator Kits Tablet Reagents Water Analysis Search by Product Type Colorimeters SpinDisks, Reagents &#038; Tablets Turbidimeters Pocket Testers Test Strips In-Line \/ Continuous Monitors Test Kits Software &#038; Apps Global Network Serving 75+ Countries With [&hellip;]<\/p>\n","protected":false},"author":6,"featured_media":0,"parent":0,"menu_order":0,"comment_status":"closed","ping_status":"closed","template":"","meta":{"_acf_changed":false,"footnotes":""},"class_list":["post-40065","page","type-page","status-publish","hentry"],"acf":[],"yoast_head":"<!-- This site is optimized with the Yoast SEO plugin v27.2 - https:\/\/yoast.com\/product\/yoast-seo-wordpress\/ -->\n<title>Marques %sep%% Lamotte Company<\/title>\n<meta name=\"description\" content=\"D\u00e9couvrez les produits phares de la soci\u00e9t\u00e9 Lamotte, notamment le Spin, le Pulse, le Waterlink et bien d&#039;autres encore !\" \/>\n<meta name=\"robots\" content=\"index, follow, max-snippet:-1, max-image-preview:large, max-video-preview:-1\" \/>\n<link rel=\"canonical\" href=\"https:\/\/lamotte.com\/fr\/marques\/\" \/>\n<meta property=\"og:locale\" content=\"fr_FR\" \/>\n<meta property=\"og:type\" content=\"article\" \/>\n<meta property=\"og:title\" content=\"Marques %sep%% Lamotte Company\" \/>\n<meta property=\"og:description\" content=\"D\u00e9couvrez les produits phares de la soci\u00e9t\u00e9 Lamotte, notamment le Spin, le Pulse, le Waterlink et bien d&#039;autres encore !\" \/>\n<meta property=\"og:url\" content=\"https:\/\/lamotte.com\/fr\/marques\/\" \/>\n<meta property=\"og:site_name\" content=\"LaMotte\" \/>\n<meta property=\"article:modified_time\" content=\"2026-01-14T12:55:12+00:00\" \/>\n<meta property=\"og:image\" content=\"https:\/\/lamotte.com\/wp-content\/uploads\/2025\/10\/3580-meter-disks.png\" \/>\n<meta name=\"twitter:card\" content=\"summary_large_image\" \/>\n<script type=\"application\/ld+json\" class=\"yoast-schema-graph\">{\"@context\":\"https:\/\/schema.org\",\"@graph\":[{\"@type\":\"WebPage\",\"@id\":\"https:\/\/lamotte.com\/fr\/marques\/\",\"url\":\"https:\/\/lamotte.com\/fr\/marques\/\",\"name\":\"Marques %sep%% Lamotte Company\",\"isPartOf\":{\"@id\":\"https:\/\/lamotte.com\/fr\/#website\"},\"primaryImageOfPage\":{\"@id\":\"https:\/\/lamotte.com\/fr\/marques\/#primaryimage\"},\"image\":{\"@id\":\"https:\/\/lamotte.com\/fr\/marques\/#primaryimage\"},\"thumbnailUrl\":\"https:\/\/lamotte.com\/wp-content\/uploads\/2025\/10\/3580-meter-disks.png\",\"datePublished\":\"2025-08-27T08:47:37+00:00\",\"dateModified\":\"2026-01-14T12:55:12+00:00\",\"description\":\"D\u00e9couvrez les produits phares de la soci\u00e9t\u00e9 Lamotte, notamment le Spin, le Pulse, le Waterlink et bien d'autres encore !\",\"breadcrumb\":{\"@id\":\"https:\/\/lamotte.com\/fr\/marques\/#breadcrumb\"},\"inLanguage\":\"fr-FR\",\"potentialAction\":[{\"@type\":\"ReadAction\",\"target\":[\"https:\/\/lamotte.com\/fr\/marques\/\"]}]},{\"@type\":\"ImageObject\",\"inLanguage\":\"fr-FR\",\"@id\":\"https:\/\/lamotte.com\/fr\/marques\/#primaryimage\",\"url\":\"https:\/\/lamotte.com\/wp-content\/uploads\/2025\/10\/3580-meter-disks.png\",\"contentUrl\":\"https:\/\/lamotte.com\/wp-content\/uploads\/2025\/10\/3580-meter-disks.png\"},{\"@type\":\"BreadcrumbList\",\"@id\":\"https:\/\/lamotte.com\/fr\/marques\/#breadcrumb\",\"itemListElement\":[{\"@type\":\"ListItem\",\"position\":1,\"name\":\"Home\",\"item\":\"https:\/\/lamotte.com\/fr\/\"},{\"@type\":\"ListItem\",\"position\":2,\"name\":\"Marques\"}]},{\"@type\":\"WebSite\",\"@id\":\"https:\/\/lamotte.com\/fr\/#website\",\"url\":\"https:\/\/lamotte.com\/fr\/\",\"name\":\"LaMotte\",\"description\":\"\",\"potentialAction\":[{\"@type\":\"SearchAction\",\"target\":{\"@type\":\"EntryPoint\",\"urlTemplate\":\"https:\/\/lamotte.com\/fr\/?s={search_term_string}\"},\"query-input\":{\"@type\":\"PropertyValueSpecification\",\"valueRequired\":true,\"valueName\":\"search_term_string\"}}],\"inLanguage\":\"fr-FR\"}]}<\/script>\n<!-- \/ Yoast SEO plugin. -->","yoast_head_json":{"title":"Marques %sep%% Lamotte Company","description":"D\u00e9couvrez les produits phares de la soci\u00e9t\u00e9 Lamotte, notamment le Spin, le Pulse, le Waterlink et bien d'autres encore !","robots":{"index":"index","follow":"follow","max-snippet":"max-snippet:-1","max-image-preview":"max-image-preview:large","max-video-preview":"max-video-preview:-1"},"canonical":"https:\/\/lamotte.com\/fr\/marques\/","og_locale":"fr_FR","og_type":"article","og_title":"Marques %sep%% Lamotte Company","og_description":"D\u00e9couvrez les produits phares de la soci\u00e9t\u00e9 Lamotte, notamment le Spin, le Pulse, le Waterlink et bien d'autres encore !","og_url":"https:\/\/lamotte.com\/fr\/marques\/","og_site_name":"LaMotte","article_modified_time":"2026-01-14T12:55:12+00:00","og_image":[{"url":"https:\/\/lamotte.com\/wp-content\/uploads\/2025\/10\/3580-meter-disks.png","type":"","width":"","height":""}],"twitter_card":"summary_large_image","schema":{"@context":"https:\/\/schema.org","@graph":[{"@type":"WebPage","@id":"https:\/\/lamotte.com\/fr\/marques\/","url":"https:\/\/lamotte.com\/fr\/marques\/","name":"Marques %sep%% Lamotte Company","isPartOf":{"@id":"https:\/\/lamotte.com\/fr\/#website"},"primaryImageOfPage":{"@id":"https:\/\/lamotte.com\/fr\/marques\/#primaryimage"},"image":{"@id":"https:\/\/lamotte.com\/fr\/marques\/#primaryimage"},"thumbnailUrl":"https:\/\/lamotte.com\/wp-content\/uploads\/2025\/10\/3580-meter-disks.png","datePublished":"2025-08-27T08:47:37+00:00","dateModified":"2026-01-14T12:55:12+00:00","description":"D\u00e9couvrez les produits phares de la soci\u00e9t\u00e9 Lamotte, notamment le Spin, le Pulse, le Waterlink et bien d'autres encore !","breadcrumb":{"@id":"https:\/\/lamotte.com\/fr\/marques\/#breadcrumb"},"inLanguage":"fr-FR","potentialAction":[{"@type":"ReadAction","target":["https:\/\/lamotte.com\/fr\/marques\/"]}]},{"@type":"ImageObject","inLanguage":"fr-FR","@id":"https:\/\/lamotte.com\/fr\/marques\/#primaryimage","url":"https:\/\/lamotte.com\/wp-content\/uploads\/2025\/10\/3580-meter-disks.png","contentUrl":"https:\/\/lamotte.com\/wp-content\/uploads\/2025\/10\/3580-meter-disks.png"},{"@type":"BreadcrumbList","@id":"https:\/\/lamotte.com\/fr\/marques\/#breadcrumb","itemListElement":[{"@type":"ListItem","position":1,"name":"Home","item":"https:\/\/lamotte.com\/fr\/"},{"@type":"ListItem","position":2,"name":"Marques"}]},{"@type":"WebSite","@id":"https:\/\/lamotte.com\/fr\/#website","url":"https:\/\/lamotte.com\/fr\/","name":"LaMotte","description":"","potentialAction":[{"@type":"SearchAction","target":{"@type":"EntryPoint","urlTemplate":"https:\/\/lamotte.com\/fr\/?s={search_term_string}"},"query-input":{"@type":"PropertyValueSpecification","valueRequired":true,"valueName":"search_term_string"}}],"inLanguage":"fr-FR"}]}},"_links":{"self":[{"href":"https:\/\/lamotte.com\/fr\/wp-json\/wp\/v2\/pages\/40065","targetHints":{"allow":["GET"]}}],"collection":[{"href":"https:\/\/lamotte.com\/fr\/wp-json\/wp\/v2\/pages"}],"about":[{"href":"https:\/\/lamotte.com\/fr\/wp-json\/wp\/v2\/types\/page"}],"author":[{"embeddable":true,"href":"https:\/\/lamotte.com\/fr\/wp-json\/wp\/v2\/users\/6"}],"replies":[{"embeddable":true,"href":"https:\/\/lamotte.com\/fr\/wp-json\/wp\/v2\/comments?post=40065"}],"version-history":[{"count":2,"href":"https:\/\/lamotte.com\/fr\/wp-json\/wp\/v2\/pages\/40065\/revisions"}],"predecessor-version":[{"id":40471,"href":"https:\/\/lamotte.com\/fr\/wp-json\/wp\/v2\/pages\/40065\/revisions\/40471"}],"wp:attachment":[{"href":"https:\/\/lamotte.com\/fr\/wp-json\/wp\/v2\/media?parent=40065"}],"curies":[{"name":"wp","href":"https:\/\/api.w.org\/{rel}","templated":true}]}}