{"id":40095,"date":"2025-11-27T21:01:05","date_gmt":"2025-11-27T21:01:05","guid":{"rendered":"https:\/\/lamotte.com\/marques\/smart-3\/"},"modified":"2026-01-14T12:53:38","modified_gmt":"2026-01-14T12:53:38","slug":"smart-3","status":"publish","type":"page","link":"https:\/\/lamotte.com\/fr\/marques\/smart-3\/","title":{"rendered":"SMART\u00ae 3"},"content":{"rendered":"","protected":false},"excerpt":{"rendered":"","protected":false},"author":6,"featured_media":0,"parent":40065,"menu_order":0,"comment_status":"closed","ping_status":"closed","template":"","meta":{"_acf_changed":false,"footnotes":""},"class_list":["post-40095","page","type-page","status-publish","hentry"],"acf":[],"yoast_head":"<!-- This site is optimized with the Yoast SEO plugin v27.2 - https:\/\/yoast.com\/product\/yoast-seo-wordpress\/ -->\n<title>SMART\u00ae 3 - LaMotte<\/title>\n<meta name=\"description\" content=\"Le colorim\u00e8tre compact SMART3 est le colorim\u00e8tre \u00e0 lecture directe id\u00e9al pour une analyse compl\u00e8te de l\u2019eau sur site, sur le terrain ou en laboratoire.\" \/>\n<meta name=\"robots\" content=\"index, follow, max-snippet:-1, max-image-preview:large, max-video-preview:-1\" \/>\n<link rel=\"canonical\" href=\"https:\/\/lamotte.com\/fr\/marques\/smart-3\/\" \/>\n<meta property=\"og:locale\" content=\"fr_FR\" \/>\n<meta property=\"og:type\" content=\"article\" \/>\n<meta property=\"og:title\" content=\"SMART\u00ae 3 - LaMotte\" \/>\n<meta property=\"og:description\" content=\"Le colorim\u00e8tre compact SMART3 est le colorim\u00e8tre \u00e0 lecture directe id\u00e9al pour une analyse compl\u00e8te de l\u2019eau sur site, sur le terrain ou en laboratoire.\" \/>\n<meta property=\"og:url\" content=\"https:\/\/lamotte.com\/fr\/marques\/smart-3\/\" \/>\n<meta property=\"og:site_name\" content=\"LaMotte\" \/>\n<meta property=\"article:modified_time\" content=\"2026-01-14T12:53:38+00:00\" \/>\n<meta name=\"twitter:card\" content=\"summary_large_image\" \/>\n<script type=\"application\/ld+json\" class=\"yoast-schema-graph\">{\"@context\":\"https:\/\/schema.org\",\"@graph\":[{\"@type\":\"WebPage\",\"@id\":\"https:\/\/lamotte.com\/fr\/marques\/smart-3\/\",\"url\":\"https:\/\/lamotte.com\/fr\/marques\/smart-3\/\",\"name\":\"SMART\u00ae 3 - LaMotte\",\"isPartOf\":{\"@id\":\"https:\/\/lamotte.com\/fr\/#website\"},\"datePublished\":\"2025-11-27T21:01:05+00:00\",\"dateModified\":\"2026-01-14T12:53:38+00:00\",\"description\":\"Le colorim\u00e8tre compact SMART3 est le colorim\u00e8tre \u00e0 lecture directe id\u00e9al pour une analyse compl\u00e8te de l\u2019eau sur site, sur le terrain ou en laboratoire.\",\"breadcrumb\":{\"@id\":\"https:\/\/lamotte.com\/fr\/marques\/smart-3\/#breadcrumb\"},\"inLanguage\":\"fr-FR\",\"potentialAction\":[{\"@type\":\"ReadAction\",\"target\":[\"https:\/\/lamotte.com\/fr\/marques\/smart-3\/\"]}]},{\"@type\":\"BreadcrumbList\",\"@id\":\"https:\/\/lamotte.com\/fr\/marques\/smart-3\/#breadcrumb\",\"itemListElement\":[{\"@type\":\"ListItem\",\"position\":1,\"name\":\"Home\",\"item\":\"https:\/\/lamotte.com\/fr\/\"},{\"@type\":\"ListItem\",\"position\":2,\"name\":\"Marques\",\"item\":\"https:\/\/lamotte.com\/fr\/marques\/\"},{\"@type\":\"ListItem\",\"position\":3,\"name\":\"SMART\u00ae 3\"}]},{\"@type\":\"WebSite\",\"@id\":\"https:\/\/lamotte.com\/fr\/#website\",\"url\":\"https:\/\/lamotte.com\/fr\/\",\"name\":\"LaMotte\",\"description\":\"\",\"potentialAction\":[{\"@type\":\"SearchAction\",\"target\":{\"@type\":\"EntryPoint\",\"urlTemplate\":\"https:\/\/lamotte.com\/fr\/?s={search_term_string}\"},\"query-input\":{\"@type\":\"PropertyValueSpecification\",\"valueRequired\":true,\"valueName\":\"search_term_string\"}}],\"inLanguage\":\"fr-FR\"}]}<\/script>\n<!-- \/ Yoast SEO plugin. -->","yoast_head_json":{"title":"SMART\u00ae 3 - LaMotte","description":"Le colorim\u00e8tre compact SMART3 est le colorim\u00e8tre \u00e0 lecture directe id\u00e9al pour une analyse compl\u00e8te de l\u2019eau sur site, sur le terrain ou en laboratoire.","robots":{"index":"index","follow":"follow","max-snippet":"max-snippet:-1","max-image-preview":"max-image-preview:large","max-video-preview":"max-video-preview:-1"},"canonical":"https:\/\/lamotte.com\/fr\/marques\/smart-3\/","og_locale":"fr_FR","og_type":"article","og_title":"SMART\u00ae 3 - LaMotte","og_description":"Le colorim\u00e8tre compact SMART3 est le colorim\u00e8tre \u00e0 lecture directe id\u00e9al pour une analyse compl\u00e8te de l\u2019eau sur site, sur le terrain ou en laboratoire.","og_url":"https:\/\/lamotte.com\/fr\/marques\/smart-3\/","og_site_name":"LaMotte","article_modified_time":"2026-01-14T12:53:38+00:00","twitter_card":"summary_large_image","schema":{"@context":"https:\/\/schema.org","@graph":[{"@type":"WebPage","@id":"https:\/\/lamotte.com\/fr\/marques\/smart-3\/","url":"https:\/\/lamotte.com\/fr\/marques\/smart-3\/","name":"SMART\u00ae 3 - LaMotte","isPartOf":{"@id":"https:\/\/lamotte.com\/fr\/#website"},"datePublished":"2025-11-27T21:01:05+00:00","dateModified":"2026-01-14T12:53:38+00:00","description":"Le colorim\u00e8tre compact SMART3 est le colorim\u00e8tre \u00e0 lecture directe id\u00e9al pour une analyse compl\u00e8te de l\u2019eau sur site, sur le terrain ou en laboratoire.","breadcrumb":{"@id":"https:\/\/lamotte.com\/fr\/marques\/smart-3\/#breadcrumb"},"inLanguage":"fr-FR","potentialAction":[{"@type":"ReadAction","target":["https:\/\/lamotte.com\/fr\/marques\/smart-3\/"]}]},{"@type":"BreadcrumbList","@id":"https:\/\/lamotte.com\/fr\/marques\/smart-3\/#breadcrumb","itemListElement":[{"@type":"ListItem","position":1,"name":"Home","item":"https:\/\/lamotte.com\/fr\/"},{"@type":"ListItem","position":2,"name":"Marques","item":"https:\/\/lamotte.com\/fr\/marques\/"},{"@type":"ListItem","position":3,"name":"SMART\u00ae 3"}]},{"@type":"WebSite","@id":"https:\/\/lamotte.com\/fr\/#website","url":"https:\/\/lamotte.com\/fr\/","name":"LaMotte","description":"","potentialAction":[{"@type":"SearchAction","target":{"@type":"EntryPoint","urlTemplate":"https:\/\/lamotte.com\/fr\/?s={search_term_string}"},"query-input":{"@type":"PropertyValueSpecification","valueRequired":true,"valueName":"search_term_string"}}],"inLanguage":"fr-FR"}]}},"_links":{"self":[{"href":"https:\/\/lamotte.com\/fr\/wp-json\/wp\/v2\/pages\/40095","targetHints":{"allow":["GET"]}}],"collection":[{"href":"https:\/\/lamotte.com\/fr\/wp-json\/wp\/v2\/pages"}],"about":[{"href":"https:\/\/lamotte.com\/fr\/wp-json\/wp\/v2\/types\/page"}],"author":[{"embeddable":true,"href":"https:\/\/lamotte.com\/fr\/wp-json\/wp\/v2\/users\/6"}],"replies":[{"embeddable":true,"href":"https:\/\/lamotte.com\/fr\/wp-json\/wp\/v2\/comments?post=40095"}],"version-history":[{"count":1,"href":"https:\/\/lamotte.com\/fr\/wp-json\/wp\/v2\/pages\/40095\/revisions"}],"predecessor-version":[{"id":40099,"href":"https:\/\/lamotte.com\/fr\/wp-json\/wp\/v2\/pages\/40095\/revisions\/40099"}],"up":[{"embeddable":true,"href":"https:\/\/lamotte.com\/fr\/wp-json\/wp\/v2\/pages\/40065"}],"wp:attachment":[{"href":"https:\/\/lamotte.com\/fr\/wp-json\/wp\/v2\/media?parent=40095"}],"curies":[{"name":"wp","href":"https:\/\/api.w.org\/{rel}","templated":true}]}}