{"id":40106,"date":"2026-01-07T14:04:02","date_gmt":"2026-01-07T14:04:02","guid":{"rendered":"https:\/\/lamotte.com\/?page_id=40106"},"modified":"2026-01-14T12:54:56","modified_gmt":"2026-01-14T12:54:56","slug":"lamotte-spin-meters","status":"publish","type":"page","link":"https:\/\/lamotte.com\/fr\/marques\/lamotte-spin-touch\/lamotte-spin-meters\/","title":{"rendered":"LaMotte Spin\u00ae Meters"},"content":{"rendered":"","protected":false},"excerpt":{"rendered":"<p>Le compteur LaMotte Spin\u00ae permet d&rsquo;obtenir rapidement des r\u00e9sultats de qualit\u00e9 professionnelle en appuyant simplement sur un bouton.<\/p>\n","protected":false},"author":6,"featured_media":40109,"parent":40571,"menu_order":0,"comment_status":"closed","ping_status":"closed","template":"","meta":{"_acf_changed":false,"footnotes":""},"class_list":["post-40106","page","type-page","status-publish","has-post-thumbnail","hentry"],"acf":[],"yoast_head":"<!-- This site is optimized with the Yoast SEO plugin v27.2 - https:\/\/yoast.com\/product\/yoast-seo-wordpress\/ -->\n<title>LaMotte Spin\u00ae Meters - LaMotte<\/title>\n<meta name=\"robots\" content=\"index, follow, max-snippet:-1, max-image-preview:large, max-video-preview:-1\" \/>\n<link rel=\"canonical\" href=\"https:\/\/lamotte.com\/fr\/marques\/lamotte-spin-touch\/lamotte-spin-meters\/\" \/>\n<meta property=\"og:locale\" content=\"fr_FR\" \/>\n<meta property=\"og:type\" content=\"article\" \/>\n<meta property=\"og:title\" content=\"LaMotte Spin\u00ae Meters - LaMotte\" \/>\n<meta property=\"og:description\" content=\"Le compteur LaMotte Spin\u00ae permet d&#039;obtenir rapidement des r\u00e9sultats de qualit\u00e9 professionnelle en appuyant simplement sur un bouton.\" \/>\n<meta property=\"og:url\" content=\"https:\/\/lamotte.com\/fr\/marques\/lamotte-spin-touch\/lamotte-spin-meters\/\" \/>\n<meta property=\"og:site_name\" content=\"LaMotte\" \/>\n<meta property=\"article:modified_time\" content=\"2026-01-14T12:54:56+00:00\" \/>\n<meta property=\"og:image\" content=\"https:\/\/lamotte.com\/wp-content\/uploads\/2025\/11\/SpinMeter_Card.jpg\" \/>\n\t<meta property=\"og:image:width\" content=\"408\" \/>\n\t<meta property=\"og:image:height\" content=\"408\" \/>\n\t<meta property=\"og:image:type\" content=\"image\/jpeg\" \/>\n<meta name=\"twitter:card\" content=\"summary_large_image\" \/>\n<script type=\"application\/ld+json\" class=\"yoast-schema-graph\">{\"@context\":\"https:\/\/schema.org\",\"@graph\":[{\"@type\":\"WebPage\",\"@id\":\"https:\/\/lamotte.com\/fr\/marques\/lamotte-spin-touch\/lamotte-spin-meters\/\",\"url\":\"https:\/\/lamotte.com\/fr\/marques\/lamotte-spin-touch\/lamotte-spin-meters\/\",\"name\":\"LaMotte Spin\u00ae Meters - LaMotte\",\"isPartOf\":{\"@id\":\"https:\/\/lamotte.com\/fr\/#website\"},\"primaryImageOfPage\":{\"@id\":\"https:\/\/lamotte.com\/fr\/marques\/lamotte-spin-touch\/lamotte-spin-meters\/#primaryimage\"},\"image\":{\"@id\":\"https:\/\/lamotte.com\/fr\/marques\/lamotte-spin-touch\/lamotte-spin-meters\/#primaryimage\"},\"thumbnailUrl\":\"https:\/\/lamotte.com\/wp-content\/uploads\/2025\/11\/SpinMeter_Card.jpg\",\"datePublished\":\"2026-01-07T14:04:02+00:00\",\"dateModified\":\"2026-01-14T12:54:56+00:00\",\"breadcrumb\":{\"@id\":\"https:\/\/lamotte.com\/fr\/marques\/lamotte-spin-touch\/lamotte-spin-meters\/#breadcrumb\"},\"inLanguage\":\"fr-FR\",\"potentialAction\":[{\"@type\":\"ReadAction\",\"target\":[\"https:\/\/lamotte.com\/fr\/marques\/lamotte-spin-touch\/lamotte-spin-meters\/\"]}]},{\"@type\":\"ImageObject\",\"inLanguage\":\"fr-FR\",\"@id\":\"https:\/\/lamotte.com\/fr\/marques\/lamotte-spin-touch\/lamotte-spin-meters\/#primaryimage\",\"url\":\"https:\/\/lamotte.com\/wp-content\/uploads\/2025\/11\/SpinMeter_Card.jpg\",\"contentUrl\":\"https:\/\/lamotte.com\/wp-content\/uploads\/2025\/11\/SpinMeter_Card.jpg\",\"width\":408,\"height\":408,\"caption\":\"Un appareil de laboratoire compact et moderne dot\u00e9 d'un \u00e9cran tactile indiquant le type d'eau et l'\u00e9tat du filtre, log\u00e9 dans un bo\u00eetier gris \u00e9l\u00e9gant aux bords incurv\u00e9s et dot\u00e9 d'un voyant lumineux bleu.\"},{\"@type\":\"BreadcrumbList\",\"@id\":\"https:\/\/lamotte.com\/fr\/marques\/lamotte-spin-touch\/lamotte-spin-meters\/#breadcrumb\",\"itemListElement\":[{\"@type\":\"ListItem\",\"position\":1,\"name\":\"Home\",\"item\":\"https:\/\/lamotte.com\/fr\/\"},{\"@type\":\"ListItem\",\"position\":2,\"name\":\"Marques\",\"item\":\"https:\/\/lamotte.com\/fr\/marques\/\"},{\"@type\":\"ListItem\",\"position\":3,\"name\":\"LaMotte Spin Touch\u00ae\",\"item\":\"https:\/\/lamotte.com\/fr\/marques\/lamotte-spin-touch\/\"},{\"@type\":\"ListItem\",\"position\":4,\"name\":\"LaMotte Spin\u00ae Meters\"}]},{\"@type\":\"WebSite\",\"@id\":\"https:\/\/lamotte.com\/fr\/#website\",\"url\":\"https:\/\/lamotte.com\/fr\/\",\"name\":\"LaMotte\",\"description\":\"\",\"potentialAction\":[{\"@type\":\"SearchAction\",\"target\":{\"@type\":\"EntryPoint\",\"urlTemplate\":\"https:\/\/lamotte.com\/fr\/?s={search_term_string}\"},\"query-input\":{\"@type\":\"PropertyValueSpecification\",\"valueRequired\":true,\"valueName\":\"search_term_string\"}}],\"inLanguage\":\"fr-FR\"}]}<\/script>\n<!-- \/ Yoast SEO plugin. -->","yoast_head_json":{"title":"LaMotte Spin\u00ae Meters - LaMotte","robots":{"index":"index","follow":"follow","max-snippet":"max-snippet:-1","max-image-preview":"max-image-preview:large","max-video-preview":"max-video-preview:-1"},"canonical":"https:\/\/lamotte.com\/fr\/marques\/lamotte-spin-touch\/lamotte-spin-meters\/","og_locale":"fr_FR","og_type":"article","og_title":"LaMotte Spin\u00ae Meters - LaMotte","og_description":"Le compteur LaMotte Spin\u00ae permet d'obtenir rapidement des r\u00e9sultats de qualit\u00e9 professionnelle en appuyant simplement sur un bouton.","og_url":"https:\/\/lamotte.com\/fr\/marques\/lamotte-spin-touch\/lamotte-spin-meters\/","og_site_name":"LaMotte","article_modified_time":"2026-01-14T12:54:56+00:00","og_image":[{"width":408,"height":408,"url":"https:\/\/lamotte.com\/wp-content\/uploads\/2025\/11\/SpinMeter_Card.jpg","type":"image\/jpeg"}],"twitter_card":"summary_large_image","schema":{"@context":"https:\/\/schema.org","@graph":[{"@type":"WebPage","@id":"https:\/\/lamotte.com\/fr\/marques\/lamotte-spin-touch\/lamotte-spin-meters\/","url":"https:\/\/lamotte.com\/fr\/marques\/lamotte-spin-touch\/lamotte-spin-meters\/","name":"LaMotte Spin\u00ae Meters - LaMotte","isPartOf":{"@id":"https:\/\/lamotte.com\/fr\/#website"},"primaryImageOfPage":{"@id":"https:\/\/lamotte.com\/fr\/marques\/lamotte-spin-touch\/lamotte-spin-meters\/#primaryimage"},"image":{"@id":"https:\/\/lamotte.com\/fr\/marques\/lamotte-spin-touch\/lamotte-spin-meters\/#primaryimage"},"thumbnailUrl":"https:\/\/lamotte.com\/wp-content\/uploads\/2025\/11\/SpinMeter_Card.jpg","datePublished":"2026-01-07T14:04:02+00:00","dateModified":"2026-01-14T12:54:56+00:00","breadcrumb":{"@id":"https:\/\/lamotte.com\/fr\/marques\/lamotte-spin-touch\/lamotte-spin-meters\/#breadcrumb"},"inLanguage":"fr-FR","potentialAction":[{"@type":"ReadAction","target":["https:\/\/lamotte.com\/fr\/marques\/lamotte-spin-touch\/lamotte-spin-meters\/"]}]},{"@type":"ImageObject","inLanguage":"fr-FR","@id":"https:\/\/lamotte.com\/fr\/marques\/lamotte-spin-touch\/lamotte-spin-meters\/#primaryimage","url":"https:\/\/lamotte.com\/wp-content\/uploads\/2025\/11\/SpinMeter_Card.jpg","contentUrl":"https:\/\/lamotte.com\/wp-content\/uploads\/2025\/11\/SpinMeter_Card.jpg","width":408,"height":408,"caption":"Un appareil de laboratoire compact et moderne dot\u00e9 d'un \u00e9cran tactile indiquant le type d'eau et l'\u00e9tat du filtre, log\u00e9 dans un bo\u00eetier gris \u00e9l\u00e9gant aux bords incurv\u00e9s et dot\u00e9 d'un voyant lumineux bleu."},{"@type":"BreadcrumbList","@id":"https:\/\/lamotte.com\/fr\/marques\/lamotte-spin-touch\/lamotte-spin-meters\/#breadcrumb","itemListElement":[{"@type":"ListItem","position":1,"name":"Home","item":"https:\/\/lamotte.com\/fr\/"},{"@type":"ListItem","position":2,"name":"Marques","item":"https:\/\/lamotte.com\/fr\/marques\/"},{"@type":"ListItem","position":3,"name":"LaMotte Spin Touch\u00ae","item":"https:\/\/lamotte.com\/fr\/marques\/lamotte-spin-touch\/"},{"@type":"ListItem","position":4,"name":"LaMotte Spin\u00ae Meters"}]},{"@type":"WebSite","@id":"https:\/\/lamotte.com\/fr\/#website","url":"https:\/\/lamotte.com\/fr\/","name":"LaMotte","description":"","potentialAction":[{"@type":"SearchAction","target":{"@type":"EntryPoint","urlTemplate":"https:\/\/lamotte.com\/fr\/?s={search_term_string}"},"query-input":{"@type":"PropertyValueSpecification","valueRequired":true,"valueName":"search_term_string"}}],"inLanguage":"fr-FR"}]}},"_links":{"self":[{"href":"https:\/\/lamotte.com\/fr\/wp-json\/wp\/v2\/pages\/40106","targetHints":{"allow":["GET"]}}],"collection":[{"href":"https:\/\/lamotte.com\/fr\/wp-json\/wp\/v2\/pages"}],"about":[{"href":"https:\/\/lamotte.com\/fr\/wp-json\/wp\/v2\/types\/page"}],"author":[{"embeddable":true,"href":"https:\/\/lamotte.com\/fr\/wp-json\/wp\/v2\/users\/6"}],"replies":[{"embeddable":true,"href":"https:\/\/lamotte.com\/fr\/wp-json\/wp\/v2\/comments?post=40106"}],"version-history":[{"count":1,"href":"https:\/\/lamotte.com\/fr\/wp-json\/wp\/v2\/pages\/40106\/revisions"}],"predecessor-version":[{"id":40111,"href":"https:\/\/lamotte.com\/fr\/wp-json\/wp\/v2\/pages\/40106\/revisions\/40111"}],"up":[{"embeddable":true,"href":"https:\/\/lamotte.com\/fr\/wp-json\/wp\/v2\/pages\/40571"}],"wp:featuredmedia":[{"embeddable":true,"href":"https:\/\/lamotte.com\/fr\/wp-json\/wp\/v2\/media\/40109"}],"wp:attachment":[{"href":"https:\/\/lamotte.com\/fr\/wp-json\/wp\/v2\/media?parent=40106"}],"curies":[{"name":"wp","href":"https:\/\/api.w.org\/{rel}","templated":true}]}}