{"id":40150,"date":"2025-10-29T10:12:05","date_gmt":"2025-10-29T10:12:05","guid":{"rendered":"https:\/\/lamotte.com\/marques\/tracer-pocketesters\/"},"modified":"2026-01-14T12:53:11","modified_gmt":"2026-01-14T12:53:11","slug":"tracer-pocketesters","status":"publish","type":"page","link":"https:\/\/lamotte.com\/fr\/marques\/tracer-pocketesters\/","title":{"rendered":"TRACER PockeTesters\u2122"},"content":{"rendered":"","protected":false},"excerpt":{"rendered":"","protected":false},"author":6,"featured_media":0,"parent":40065,"menu_order":0,"comment_status":"closed","ping_status":"closed","template":"","meta":{"_acf_changed":false,"footnotes":""},"class_list":["post-40150","page","type-page","status-publish","hentry"],"acf":[],"yoast_head":"<!-- This site is optimized with the Yoast SEO plugin v27.2 - https:\/\/yoast.com\/product\/yoast-seo-wordpress\/ -->\n<title>TRACER PockeTesters\u2122 - LaMotte<\/title>\n<meta name=\"description\" content=\"\u00c9liminez les incertitudes en utilisant des TRACER PockeTesters\u2122 rapides et pr\u00e9cis pour la mesure num\u00e9rique des param\u00e8tres cl\u00e9s de l\u2019analyse de l\u2019eau.\" \/>\n<meta name=\"robots\" content=\"index, follow, max-snippet:-1, max-image-preview:large, max-video-preview:-1\" \/>\n<link rel=\"canonical\" href=\"https:\/\/lamotte.com\/fr\/marques\/tracer-pocketesters\/\" \/>\n<meta property=\"og:locale\" content=\"fr_FR\" \/>\n<meta property=\"og:type\" content=\"article\" \/>\n<meta property=\"og:title\" content=\"TRACER PockeTesters\u2122 - LaMotte\" \/>\n<meta property=\"og:description\" content=\"\u00c9liminez les incertitudes en utilisant des TRACER PockeTesters\u2122 rapides et pr\u00e9cis pour la mesure num\u00e9rique des param\u00e8tres cl\u00e9s de l\u2019analyse de l\u2019eau.\" \/>\n<meta property=\"og:url\" content=\"https:\/\/lamotte.com\/fr\/marques\/tracer-pocketesters\/\" \/>\n<meta property=\"og:site_name\" content=\"LaMotte\" \/>\n<meta property=\"article:modified_time\" content=\"2026-01-14T12:53:11+00:00\" \/>\n<meta name=\"twitter:card\" content=\"summary_large_image\" \/>\n<script type=\"application\/ld+json\" class=\"yoast-schema-graph\">{\"@context\":\"https:\/\/schema.org\",\"@graph\":[{\"@type\":\"WebPage\",\"@id\":\"https:\/\/lamotte.com\/fr\/marques\/tracer-pocketesters\/\",\"url\":\"https:\/\/lamotte.com\/fr\/marques\/tracer-pocketesters\/\",\"name\":\"TRACER PockeTesters\u2122 - LaMotte\",\"isPartOf\":{\"@id\":\"https:\/\/lamotte.com\/fr\/#website\"},\"datePublished\":\"2025-10-29T10:12:05+00:00\",\"dateModified\":\"2026-01-14T12:53:11+00:00\",\"description\":\"\u00c9liminez les incertitudes en utilisant des TRACER PockeTesters\u2122 rapides et pr\u00e9cis pour la mesure num\u00e9rique des param\u00e8tres cl\u00e9s de l\u2019analyse de l\u2019eau.\",\"breadcrumb\":{\"@id\":\"https:\/\/lamotte.com\/fr\/marques\/tracer-pocketesters\/#breadcrumb\"},\"inLanguage\":\"fr-FR\",\"potentialAction\":[{\"@type\":\"ReadAction\",\"target\":[\"https:\/\/lamotte.com\/fr\/marques\/tracer-pocketesters\/\"]}]},{\"@type\":\"BreadcrumbList\",\"@id\":\"https:\/\/lamotte.com\/fr\/marques\/tracer-pocketesters\/#breadcrumb\",\"itemListElement\":[{\"@type\":\"ListItem\",\"position\":1,\"name\":\"Home\",\"item\":\"https:\/\/lamotte.com\/fr\/\"},{\"@type\":\"ListItem\",\"position\":2,\"name\":\"Marques\",\"item\":\"https:\/\/lamotte.com\/fr\/marques\/\"},{\"@type\":\"ListItem\",\"position\":3,\"name\":\"TRACER PockeTesters\u2122\"}]},{\"@type\":\"WebSite\",\"@id\":\"https:\/\/lamotte.com\/fr\/#website\",\"url\":\"https:\/\/lamotte.com\/fr\/\",\"name\":\"LaMotte\",\"description\":\"\",\"potentialAction\":[{\"@type\":\"SearchAction\",\"target\":{\"@type\":\"EntryPoint\",\"urlTemplate\":\"https:\/\/lamotte.com\/fr\/?s={search_term_string}\"},\"query-input\":{\"@type\":\"PropertyValueSpecification\",\"valueRequired\":true,\"valueName\":\"search_term_string\"}}],\"inLanguage\":\"fr-FR\"}]}<\/script>\n<!-- \/ Yoast SEO plugin. -->","yoast_head_json":{"title":"TRACER PockeTesters\u2122 - LaMotte","description":"\u00c9liminez les incertitudes en utilisant des TRACER PockeTesters\u2122 rapides et pr\u00e9cis pour la mesure num\u00e9rique des param\u00e8tres cl\u00e9s de l\u2019analyse de l\u2019eau.","robots":{"index":"index","follow":"follow","max-snippet":"max-snippet:-1","max-image-preview":"max-image-preview:large","max-video-preview":"max-video-preview:-1"},"canonical":"https:\/\/lamotte.com\/fr\/marques\/tracer-pocketesters\/","og_locale":"fr_FR","og_type":"article","og_title":"TRACER PockeTesters\u2122 - LaMotte","og_description":"\u00c9liminez les incertitudes en utilisant des TRACER PockeTesters\u2122 rapides et pr\u00e9cis pour la mesure num\u00e9rique des param\u00e8tres cl\u00e9s de l\u2019analyse de l\u2019eau.","og_url":"https:\/\/lamotte.com\/fr\/marques\/tracer-pocketesters\/","og_site_name":"LaMotte","article_modified_time":"2026-01-14T12:53:11+00:00","twitter_card":"summary_large_image","schema":{"@context":"https:\/\/schema.org","@graph":[{"@type":"WebPage","@id":"https:\/\/lamotte.com\/fr\/marques\/tracer-pocketesters\/","url":"https:\/\/lamotte.com\/fr\/marques\/tracer-pocketesters\/","name":"TRACER PockeTesters\u2122 - LaMotte","isPartOf":{"@id":"https:\/\/lamotte.com\/fr\/#website"},"datePublished":"2025-10-29T10:12:05+00:00","dateModified":"2026-01-14T12:53:11+00:00","description":"\u00c9liminez les incertitudes en utilisant des TRACER PockeTesters\u2122 rapides et pr\u00e9cis pour la mesure num\u00e9rique des param\u00e8tres cl\u00e9s de l\u2019analyse de l\u2019eau.","breadcrumb":{"@id":"https:\/\/lamotte.com\/fr\/marques\/tracer-pocketesters\/#breadcrumb"},"inLanguage":"fr-FR","potentialAction":[{"@type":"ReadAction","target":["https:\/\/lamotte.com\/fr\/marques\/tracer-pocketesters\/"]}]},{"@type":"BreadcrumbList","@id":"https:\/\/lamotte.com\/fr\/marques\/tracer-pocketesters\/#breadcrumb","itemListElement":[{"@type":"ListItem","position":1,"name":"Home","item":"https:\/\/lamotte.com\/fr\/"},{"@type":"ListItem","position":2,"name":"Marques","item":"https:\/\/lamotte.com\/fr\/marques\/"},{"@type":"ListItem","position":3,"name":"TRACER PockeTesters\u2122"}]},{"@type":"WebSite","@id":"https:\/\/lamotte.com\/fr\/#website","url":"https:\/\/lamotte.com\/fr\/","name":"LaMotte","description":"","potentialAction":[{"@type":"SearchAction","target":{"@type":"EntryPoint","urlTemplate":"https:\/\/lamotte.com\/fr\/?s={search_term_string}"},"query-input":{"@type":"PropertyValueSpecification","valueRequired":true,"valueName":"search_term_string"}}],"inLanguage":"fr-FR"}]}},"_links":{"self":[{"href":"https:\/\/lamotte.com\/fr\/wp-json\/wp\/v2\/pages\/40150","targetHints":{"allow":["GET"]}}],"collection":[{"href":"https:\/\/lamotte.com\/fr\/wp-json\/wp\/v2\/pages"}],"about":[{"href":"https:\/\/lamotte.com\/fr\/wp-json\/wp\/v2\/types\/page"}],"author":[{"embeddable":true,"href":"https:\/\/lamotte.com\/fr\/wp-json\/wp\/v2\/users\/6"}],"replies":[{"embeddable":true,"href":"https:\/\/lamotte.com\/fr\/wp-json\/wp\/v2\/comments?post=40150"}],"version-history":[{"count":1,"href":"https:\/\/lamotte.com\/fr\/wp-json\/wp\/v2\/pages\/40150\/revisions"}],"predecessor-version":[{"id":40466,"href":"https:\/\/lamotte.com\/fr\/wp-json\/wp\/v2\/pages\/40150\/revisions\/40466"}],"up":[{"embeddable":true,"href":"https:\/\/lamotte.com\/fr\/wp-json\/wp\/v2\/pages\/40065"}],"wp:attachment":[{"href":"https:\/\/lamotte.com\/fr\/wp-json\/wp\/v2\/media?parent=40150"}],"curies":[{"name":"wp","href":"https:\/\/api.w.org\/{rel}","templated":true}]}}