{"id":40169,"date":"2025-10-23T14:05:08","date_gmt":"2025-10-23T14:05:08","guid":{"rendered":"https:\/\/lamotte.com\/acide-cyanurique\/"},"modified":"2026-01-14T12:54:31","modified_gmt":"2026-01-14T12:54:31","slug":"acide-cyanurique","status":"publish","type":"page","link":"https:\/\/lamotte.com\/fr\/produits\/parametres\/acide-cyanurique\/","title":{"rendered":"Acide cyanurique"},"content":{"rendered":"","protected":false},"excerpt":{"rendered":"","protected":false},"author":6,"featured_media":0,"parent":40165,"menu_order":0,"comment_status":"closed","ping_status":"closed","template":"","meta":{"_acf_changed":false,"footnotes":""},"class_list":["post-40169","page","type-page","status-publish","hentry"],"acf":[],"yoast_head":"<!-- This site is optimized with the Yoast SEO plugin v27.2 - https:\/\/yoast.com\/product\/yoast-seo-wordpress\/ -->\n<title>Acide cyanurique Test d&#039;analyse de l&#039;eau - LaMotte%%%situation<\/title>\n<meta name=\"description\" content=\"L\u2019acide cyanurique sert de bouclier contre l\u2019eau de la piscine, emp\u00eachant la prolif\u00e9ration des algues, et permet au chlore de durer plus longtemps. Consultez les kits de test, colorim\u00e8tres et plus encore.\" \/>\n<meta name=\"robots\" content=\"index, follow, max-snippet:-1, max-image-preview:large, max-video-preview:-1\" \/>\n<link rel=\"canonical\" href=\"https:\/\/lamotte.com\/fr\/produits\/parametres\/acide-cyanurique\/\" \/>\n<meta property=\"og:locale\" content=\"fr_FR\" \/>\n<meta property=\"og:type\" content=\"article\" \/>\n<meta property=\"og:title\" content=\"Acide cyanurique Test d&#039;analyse de l&#039;eau - LaMotte%%%situation\" \/>\n<meta property=\"og:description\" content=\"L\u2019acide cyanurique sert de bouclier contre l\u2019eau de la piscine, emp\u00eachant la prolif\u00e9ration des algues, et permet au chlore de durer plus longtemps. Consultez les kits de test, colorim\u00e8tres et plus encore.\" \/>\n<meta property=\"og:url\" content=\"https:\/\/lamotte.com\/fr\/produits\/parametres\/acide-cyanurique\/\" \/>\n<meta property=\"og:site_name\" content=\"LaMotte\" \/>\n<meta property=\"article:modified_time\" content=\"2026-01-14T12:54:31+00:00\" \/>\n<meta name=\"twitter:card\" content=\"summary_large_image\" \/>\n<script type=\"application\/ld+json\" class=\"yoast-schema-graph\">{\"@context\":\"https:\/\/schema.org\",\"@graph\":[{\"@type\":\"WebPage\",\"@id\":\"https:\/\/lamotte.com\/fr\/produits\/parametres\/acide-cyanurique\/\",\"url\":\"https:\/\/lamotte.com\/fr\/produits\/parametres\/acide-cyanurique\/\",\"name\":\"Acide cyanurique Test d'analyse de l'eau - LaMotte%%%situation\",\"isPartOf\":{\"@id\":\"https:\/\/lamotte.com\/fr\/#website\"},\"datePublished\":\"2025-10-23T14:05:08+00:00\",\"dateModified\":\"2026-01-14T12:54:31+00:00\",\"description\":\"L\u2019acide cyanurique sert de bouclier contre l\u2019eau de la piscine, emp\u00eachant la prolif\u00e9ration des algues, et permet au chlore de durer plus longtemps. Consultez les kits de test, colorim\u00e8tres et plus encore.\",\"breadcrumb\":{\"@id\":\"https:\/\/lamotte.com\/fr\/produits\/parametres\/acide-cyanurique\/#breadcrumb\"},\"inLanguage\":\"fr-FR\",\"potentialAction\":[{\"@type\":\"ReadAction\",\"target\":[\"https:\/\/lamotte.com\/fr\/produits\/parametres\/acide-cyanurique\/\"]}]},{\"@type\":\"BreadcrumbList\",\"@id\":\"https:\/\/lamotte.com\/fr\/produits\/parametres\/acide-cyanurique\/#breadcrumb\",\"itemListElement\":[{\"@type\":\"ListItem\",\"position\":1,\"name\":\"Home\",\"item\":\"https:\/\/lamotte.com\/fr\/\"},{\"@type\":\"ListItem\",\"position\":2,\"name\":\"Produits\",\"item\":\"https:\/\/lamotte.com\/fr\/produits\/\"},{\"@type\":\"ListItem\",\"position\":3,\"name\":\"Param\u00e8tres\",\"item\":\"https:\/\/lamotte.com\/fr\/produits\/parametres\/\"},{\"@type\":\"ListItem\",\"position\":4,\"name\":\"Acide cyanurique\"}]},{\"@type\":\"WebSite\",\"@id\":\"https:\/\/lamotte.com\/fr\/#website\",\"url\":\"https:\/\/lamotte.com\/fr\/\",\"name\":\"LaMotte\",\"description\":\"\",\"potentialAction\":[{\"@type\":\"SearchAction\",\"target\":{\"@type\":\"EntryPoint\",\"urlTemplate\":\"https:\/\/lamotte.com\/fr\/?s={search_term_string}\"},\"query-input\":{\"@type\":\"PropertyValueSpecification\",\"valueRequired\":true,\"valueName\":\"search_term_string\"}}],\"inLanguage\":\"fr-FR\"}]}<\/script>\n<!-- \/ Yoast SEO plugin. -->","yoast_head_json":{"title":"Acide cyanurique Test d'analyse de l'eau - LaMotte%%%situation","description":"L\u2019acide cyanurique sert de bouclier contre l\u2019eau de la piscine, emp\u00eachant la prolif\u00e9ration des algues, et permet au chlore de durer plus longtemps. Consultez les kits de test, colorim\u00e8tres et plus encore.","robots":{"index":"index","follow":"follow","max-snippet":"max-snippet:-1","max-image-preview":"max-image-preview:large","max-video-preview":"max-video-preview:-1"},"canonical":"https:\/\/lamotte.com\/fr\/produits\/parametres\/acide-cyanurique\/","og_locale":"fr_FR","og_type":"article","og_title":"Acide cyanurique Test d'analyse de l'eau - LaMotte%%%situation","og_description":"L\u2019acide cyanurique sert de bouclier contre l\u2019eau de la piscine, emp\u00eachant la prolif\u00e9ration des algues, et permet au chlore de durer plus longtemps. Consultez les kits de test, colorim\u00e8tres et plus encore.","og_url":"https:\/\/lamotte.com\/fr\/produits\/parametres\/acide-cyanurique\/","og_site_name":"LaMotte","article_modified_time":"2026-01-14T12:54:31+00:00","twitter_card":"summary_large_image","schema":{"@context":"https:\/\/schema.org","@graph":[{"@type":"WebPage","@id":"https:\/\/lamotte.com\/fr\/produits\/parametres\/acide-cyanurique\/","url":"https:\/\/lamotte.com\/fr\/produits\/parametres\/acide-cyanurique\/","name":"Acide cyanurique Test d'analyse de l'eau - LaMotte%%%situation","isPartOf":{"@id":"https:\/\/lamotte.com\/fr\/#website"},"datePublished":"2025-10-23T14:05:08+00:00","dateModified":"2026-01-14T12:54:31+00:00","description":"L\u2019acide cyanurique sert de bouclier contre l\u2019eau de la piscine, emp\u00eachant la prolif\u00e9ration des algues, et permet au chlore de durer plus longtemps. Consultez les kits de test, colorim\u00e8tres et plus encore.","breadcrumb":{"@id":"https:\/\/lamotte.com\/fr\/produits\/parametres\/acide-cyanurique\/#breadcrumb"},"inLanguage":"fr-FR","potentialAction":[{"@type":"ReadAction","target":["https:\/\/lamotte.com\/fr\/produits\/parametres\/acide-cyanurique\/"]}]},{"@type":"BreadcrumbList","@id":"https:\/\/lamotte.com\/fr\/produits\/parametres\/acide-cyanurique\/#breadcrumb","itemListElement":[{"@type":"ListItem","position":1,"name":"Home","item":"https:\/\/lamotte.com\/fr\/"},{"@type":"ListItem","position":2,"name":"Produits","item":"https:\/\/lamotte.com\/fr\/produits\/"},{"@type":"ListItem","position":3,"name":"Param\u00e8tres","item":"https:\/\/lamotte.com\/fr\/produits\/parametres\/"},{"@type":"ListItem","position":4,"name":"Acide cyanurique"}]},{"@type":"WebSite","@id":"https:\/\/lamotte.com\/fr\/#website","url":"https:\/\/lamotte.com\/fr\/","name":"LaMotte","description":"","potentialAction":[{"@type":"SearchAction","target":{"@type":"EntryPoint","urlTemplate":"https:\/\/lamotte.com\/fr\/?s={search_term_string}"},"query-input":{"@type":"PropertyValueSpecification","valueRequired":true,"valueName":"search_term_string"}}],"inLanguage":"fr-FR"}]}},"_links":{"self":[{"href":"https:\/\/lamotte.com\/fr\/wp-json\/wp\/v2\/pages\/40169","targetHints":{"allow":["GET"]}}],"collection":[{"href":"https:\/\/lamotte.com\/fr\/wp-json\/wp\/v2\/pages"}],"about":[{"href":"https:\/\/lamotte.com\/fr\/wp-json\/wp\/v2\/types\/page"}],"author":[{"embeddable":true,"href":"https:\/\/lamotte.com\/fr\/wp-json\/wp\/v2\/users\/6"}],"replies":[{"embeddable":true,"href":"https:\/\/lamotte.com\/fr\/wp-json\/wp\/v2\/comments?post=40169"}],"version-history":[{"count":1,"href":"https:\/\/lamotte.com\/fr\/wp-json\/wp\/v2\/pages\/40169\/revisions"}],"predecessor-version":[{"id":40535,"href":"https:\/\/lamotte.com\/fr\/wp-json\/wp\/v2\/pages\/40169\/revisions\/40535"}],"up":[{"embeddable":true,"href":"https:\/\/lamotte.com\/fr\/wp-json\/wp\/v2\/pages\/40165"}],"wp:attachment":[{"href":"https:\/\/lamotte.com\/fr\/wp-json\/wp\/v2\/media?parent=40169"}],"curies":[{"name":"wp","href":"https:\/\/api.w.org\/{rel}","templated":true}]}}