{"id":40490,"date":"2025-10-08T08:23:26","date_gmt":"2025-10-08T08:23:26","guid":{"rendered":"https:\/\/lamotte.com\/lamotte-waterlink-pro\/"},"modified":"2026-01-14T12:55:09","modified_gmt":"2026-01-14T12:55:09","slug":"lamotte-waterlink-pro","status":"publish","type":"page","link":"https:\/\/lamotte.com\/fr\/marques\/lamotte-waterlink\/lamotte-waterlink-pro\/","title":{"rendered":"LaMotte WaterLink\u00ae PRO"},"content":{"rendered":"\n\n\t\t\t\t<img decoding=\"async\" src=\"https:\/\/lamotte.com\/wp-content\/uploads\/2025\/10\/Waterlink-logo-RGB-white-Huemor-cropped.svg\" alt=\"Waterlink-logo-RGB-white-Huemor-cropped\" itemprop=\"image\" title=\"Waterlink-logo-RGB-white-Huemor-cropped\" onerror=\"this.style.display='none'\" loading=\"lazy\" \/>\n<h1>\n\t\t\tLaMotte WaterLink\u00ae PRO\t<\/h1>\n\t<p>A robust and customizable water analysis software solution for retailers and service professionals to manage their customers and provide detailed treatment recommendations across multiple industries.<\/p>\n\t\t\t<a href=\"https:\/\/solutions.waterlinkconnect.com\/register\" target=\"_blank\" rel=\"noopener\">\n\t\t\t\t\t\t\tGet Started For Free\n\t\t\t\t\t<\/a>\n\t\t\t\t<img decoding=\"async\" src=\"https:\/\/lamotte.com\/wp-content\/uploads\/2025\/10\/WaterLink.webp\" alt=\"WaterLink\" itemprop=\"image\" height=\"376\" width=\"405\" title=\"WaterLink\" onerror=\"this.style.display='none'\" loading=\"lazy\" \/>\n\t\t\t\t<img decoding=\"async\" src=\"https:\/\/lamotte.com\/wp-content\/uploads\/2025\/10\/WaterLink.webp\" alt=\"WaterLink\" itemprop=\"image\" height=\"376\" width=\"405\" title=\"WaterLink\" onerror=\"this.style.display='none'\" loading=\"lazy\" \/>\n<h2>\n\t\t\tPurpose-Built for Retail &#038; Service Professionals\t<\/h2>\n\t<p>LaMotte WaterLink\u00ae PRO is a smart, powerful platform built to support the way professionals work. From test tracking to client management, it provides the tools to keep all of your customers&rsquo; water balanced.<\/p>\n\t<p>Flexible Client Management<\/p>\n\t<p>Whether it&rsquo;s maintaining a residential pool, a cooling tower, an aquarium, or just monitoring tap water, WaterLink\u00ae PRO organizes every client and every source in one place.<\/p>\n\t<p>Visual Test History<\/p>\n\t<p>Each water test is saved, analyzed, and clearly visualized. Spot trends, track changes over time, and get alerts when something needs attention.<\/p>\n\t<p>Direct Integration with LaMotte Products<\/p>\n\t<p>Transfer results from LaMotte&rsquo;s industry-leading water analysis products directly into Waterlink\u00ae Pro, eliminating manual entry.<\/p>\n\t<p>Calculated Dosage<\/p>\n\t<p>Make custom recommendations for your customers using their water profile, chemical dosage strength, and your rules to calculate a precise treatment dosage and step-by-step instructions.<\/p>\n\t<p>Customizable Treatment Recommendations<\/p>\n\t<p>Use a drag-and-drop interface to build custom rules to treat any type of water and any chemical treatment system.<\/p>\n\t<p>Accessible by Mobile App or Desktop<\/p>\n\t<p>Access Waterlink\u00ae Pro by any Internet-connected computer or download the mobile app on supported iOS\u2122 or Android\u2122 devices.<\/p>\n\t<p>Integrated Job Scheduling<\/p>\n\t<p>Schedule one-off jobs or configure automatic recurrences to visit and service your customers.<\/p>\n\t<p>Manage User Roles<\/p>\n\t<p>Easily manage employees by assigning roles that define what each user can access, ensuring every team member has the right tools, right where they need them.<\/p>\n\t\t\t\t\t\t\t\t<h2>\n\t\t\t\t\tSupported Test Methods\t\t\t\t\t<\/h2>\n    \t\t\t\t<a \n\t\t\t\thref=\"\/brands\/lamotte-spin\/\"\t\t\t\ttarget=\"_self\" \n\t\t\t\trel=\"\">\n\t\t\t\t<img decoding=\"async\" src=\"https:\/\/lamotte.com\/wp-content\/uploads\/2025\/10\/3580-meter-disks.png\" \/>\n\t\t\t\t<img decoding=\"async\" src=\"https:\/\/lamotte.com\/wp-content\/uploads\/2025\/10\/Spin-logo-RGB-white-Huemor-cropped.svg\" \/>\n\t\t\t\t<p>LaMotte Spin (Transfer results to PC over USB; or to mobile device over Bluetooth\u00ae)<\/p>\n\t\t\t<\/a>\n\t\t\t\t\t<a \n\t\t\t\thref=\"\/brands\/lamotte-pulse\/\"\t\t\t\ttarget=\"_self\" \n\t\t\t\trel=\"\">\n\t\t\t\t<img decoding=\"async\" src=\"https:\/\/lamotte.com\/wp-content\/uploads\/2025\/10\/LaMotte-Pulse-e1761243766889.webp\" \/>\n\t\t\t\t<img decoding=\"async\" src=\"https:\/\/lamotte.com\/wp-content\/uploads\/2025\/10\/Pulse-logo-RGB-white-Huemor-cropped.svg\" \/>\n\t\t\t\t<p>LaMotte Pulse (Persistently transfers results over Wifi)<\/p>\n\t\t\t<\/a>\n\t\t\t\t\t<a \n\t\t\t\thref=\"\/brands\/colorq\/\"\t\t\t\ttarget=\"_self\" \n\t\t\t\trel=\"\">\n\t\t\t\t<img decoding=\"async\" src=\"https:\/\/lamotte.com\/wp-content\/uploads\/2025\/10\/ColorQ2x-meter.png\" \/>\n\t\t\t\t<img decoding=\"async\" src=\"https:\/\/lamotte.com\/wp-content\/uploads\/2025\/10\/ColorQ2x-logo-RGB-white-Huemor-cropped.svg\" \/>\n\t\t\t\t<p>ColorQ (Transfer results to mobile device over Bluetooth\u00ae)<\/p>\n\t\t\t<\/a>\n\t\t\t\t\t<a \n\t\t\t\thref=\"\/brands\/lamotte-insta-test\/\"\t\t\t\ttarget=\"_self\" \n\t\t\t\trel=\"\">\n\t\t\t\t<img decoding=\"async\" src=\"https:\/\/lamotte.com\/wp-content\/uploads\/2025\/10\/Insta-Test.png\" \/>\n\t\t\t\t<img decoding=\"async\" src=\"https:\/\/lamotte.com\/wp-content\/uploads\/2025\/10\/Insta-Test-logo-RGB-white-Huemor-cropped.svg\" \/>\n\t\t\t\t<p>Insta-TEST (Photo-scan supported test strips using your mobile device&rsquo;s camera)<\/p>\n\t\t\t<\/a>\n<h2>\n\t\t\tSubscription Tiers That Fit Your Business\t<\/h2>\n\t<p>Multiple subscription tiers that include free access and paid levels that scale with your business and you can adjust on a monthly basis without any loss of data.<\/p>\n\t\t\t<a href=\"https:\/\/solutions.waterlinkconnect.com\/marketing\/subscription-tiers\" target=\"_blank\" rel=\"noopener\">\n\t\t\t\t\t\t\tSee Pricing\n\t\t\t<\/a>\n<h2>\n\t\t\tPre-Built Chemicals and Profiles\t<\/h2>\n\t<p>We&rsquo;ve partnered with top chemical manufacturers, suppliers, and industry experts to supply their brands and recommendations directly via pre-loaded chemicals and treatment profiles.<\/p>\n\t\t\t<a href=\"https:\/\/solutions.waterlinkconnect.com\/marketing\/providers\" target=\"_blank\" rel=\"noopener\">\n\t\t\t\t\t\t\tView Our Providers\n\t\t\t<\/a>\n\n","protected":false},"excerpt":{"rendered":"<p>Une solution logicielle d\u2019analyse de l\u2019eau robuste et personnalisable destin\u00e9e aux d\u00e9taillants et professionnels du service afin de g\u00e9rer leurs clients et de fournir des recommandations d\u00e9taill\u00e9es de traitement dans de nombreux secteurs.<\/p>\n","protected":false},"author":6,"featured_media":40477,"parent":40614,"menu_order":0,"comment_status":"closed","ping_status":"closed","template":"","meta":{"_acf_changed":false,"footnotes":""},"class_list":["post-40490","page","type-page","status-publish","has-post-thumbnail","hentry"],"acf":[],"yoast_head":"<!-- This site is optimized with the Yoast SEO plugin v27.2 - https:\/\/yoast.com\/product\/yoast-seo-wordpress\/ -->\n<title>LaMotte WaterLink\u00ae PRO | Syst\u00e8me professionnel d\u2019analyse de l\u2019eau<\/title>\n<meta name=\"description\" content=\"LaMotte WaterLink\u00ae PRO fournit des tests d\u2019eau rapides et pr\u00e9cis en laboratoire pour les applications en piscine, spa et commerciales. Simplifiez votre flux de travail avec une gestion bas\u00e9e sur le cloud.\" \/>\n<meta name=\"robots\" content=\"index, follow, max-snippet:-1, max-image-preview:large, max-video-preview:-1\" \/>\n<link rel=\"canonical\" href=\"https:\/\/lamotte.com\/fr\/marques\/lamotte-waterlink\/lamotte-waterlink-pro\/\" \/>\n<meta property=\"og:locale\" content=\"fr_FR\" \/>\n<meta property=\"og:type\" content=\"article\" \/>\n<meta property=\"og:title\" content=\"LaMotte WaterLink\u00ae PRO | Syst\u00e8me professionnel d\u2019analyse de l\u2019eau\" \/>\n<meta property=\"og:description\" content=\"LaMotte WaterLink\u00ae PRO fournit des tests d\u2019eau rapides et pr\u00e9cis en laboratoire pour les applications en piscine, spa et commerciales. Simplifiez votre flux de travail avec une gestion bas\u00e9e sur le cloud.\" \/>\n<meta property=\"og:url\" content=\"https:\/\/lamotte.com\/fr\/marques\/lamotte-waterlink\/lamotte-waterlink-pro\/\" \/>\n<meta property=\"og:site_name\" content=\"LaMotte\" \/>\n<meta property=\"article:modified_time\" content=\"2026-01-14T12:55:09+00:00\" \/>\n<meta property=\"og:image\" content=\"https:\/\/lamotte.com\/wp-content\/uploads\/2025\/10\/waterlink-solutions-pro-grey-bg.webp\" \/>\n\t<meta property=\"og:image:width\" content=\"704\" \/>\n\t<meta property=\"og:image:height\" content=\"720\" \/>\n\t<meta property=\"og:image:type\" content=\"image\/webp\" \/>\n<meta name=\"twitter:card\" content=\"summary_large_image\" \/>\n<meta name=\"twitter:label1\" content=\"Dur\u00e9e de lecture estim\u00e9e\" \/>\n\t<meta name=\"twitter:data1\" content=\"2 minutes\" \/>\n<script type=\"application\/ld+json\" class=\"yoast-schema-graph\">{\"@context\":\"https:\/\/schema.org\",\"@graph\":[{\"@type\":\"WebPage\",\"@id\":\"https:\/\/lamotte.com\/fr\/marques\/lamotte-waterlink\/lamotte-waterlink-pro\/\",\"url\":\"https:\/\/lamotte.com\/fr\/marques\/lamotte-waterlink\/lamotte-waterlink-pro\/\",\"name\":\"LaMotte WaterLink\u00ae PRO | Syst\u00e8me professionnel d\u2019analyse de l\u2019eau\",\"isPartOf\":{\"@id\":\"https:\/\/lamotte.com\/fr\/#website\"},\"primaryImageOfPage\":{\"@id\":\"https:\/\/lamotte.com\/fr\/marques\/lamotte-waterlink\/lamotte-waterlink-pro\/#primaryimage\"},\"image\":{\"@id\":\"https:\/\/lamotte.com\/fr\/marques\/lamotte-waterlink\/lamotte-waterlink-pro\/#primaryimage\"},\"thumbnailUrl\":\"https:\/\/lamotte.com\/wp-content\/uploads\/2025\/10\/waterlink-solutions-pro-grey-bg.webp\",\"datePublished\":\"2025-10-08T08:23:26+00:00\",\"dateModified\":\"2026-01-14T12:55:09+00:00\",\"description\":\"LaMotte WaterLink\u00ae PRO fournit des tests d\u2019eau rapides et pr\u00e9cis en laboratoire pour les applications en piscine, spa et commerciales. Simplifiez votre flux de travail avec une gestion bas\u00e9e sur le cloud.\",\"breadcrumb\":{\"@id\":\"https:\/\/lamotte.com\/fr\/marques\/lamotte-waterlink\/lamotte-waterlink-pro\/#breadcrumb\"},\"inLanguage\":\"fr-FR\",\"potentialAction\":[{\"@type\":\"ReadAction\",\"target\":[\"https:\/\/lamotte.com\/fr\/marques\/lamotte-waterlink\/lamotte-waterlink-pro\/\"]}]},{\"@type\":\"ImageObject\",\"inLanguage\":\"fr-FR\",\"@id\":\"https:\/\/lamotte.com\/fr\/marques\/lamotte-waterlink\/lamotte-waterlink-pro\/#primaryimage\",\"url\":\"https:\/\/lamotte.com\/wp-content\/uploads\/2025\/10\/waterlink-solutions-pro-grey-bg.webp\",\"contentUrl\":\"https:\/\/lamotte.com\/wp-content\/uploads\/2025\/10\/waterlink-solutions-pro-grey-bg.webp\",\"width\":704,\"height\":720,\"caption\":\"Le logo WaterLink Solutions PRO comporte une ic\u00f4ne en gouttelettes d\u2019eau bleue et noire au-dessus des mots \u00ab WaterLink Solutions PRO \u00bb en texte noir, bleu et orange sur fond blanc.\"},{\"@type\":\"BreadcrumbList\",\"@id\":\"https:\/\/lamotte.com\/fr\/marques\/lamotte-waterlink\/lamotte-waterlink-pro\/#breadcrumb\",\"itemListElement\":[{\"@type\":\"ListItem\",\"position\":1,\"name\":\"Home\",\"item\":\"https:\/\/lamotte.com\/fr\/\"},{\"@type\":\"ListItem\",\"position\":2,\"name\":\"LaMotte WaterLink\u00ae PRO\"}]},{\"@type\":\"WebSite\",\"@id\":\"https:\/\/lamotte.com\/fr\/#website\",\"url\":\"https:\/\/lamotte.com\/fr\/\",\"name\":\"LaMotte\",\"description\":\"\",\"potentialAction\":[{\"@type\":\"SearchAction\",\"target\":{\"@type\":\"EntryPoint\",\"urlTemplate\":\"https:\/\/lamotte.com\/fr\/?s={search_term_string}\"},\"query-input\":{\"@type\":\"PropertyValueSpecification\",\"valueRequired\":true,\"valueName\":\"search_term_string\"}}],\"inLanguage\":\"fr-FR\"}]}<\/script>\n<!-- \/ Yoast SEO plugin. -->","yoast_head_json":{"title":"LaMotte WaterLink\u00ae PRO | Syst\u00e8me professionnel d\u2019analyse de l\u2019eau","description":"LaMotte WaterLink\u00ae PRO fournit des tests d\u2019eau rapides et pr\u00e9cis en laboratoire pour les applications en piscine, spa et commerciales. Simplifiez votre flux de travail avec une gestion bas\u00e9e sur le cloud.","robots":{"index":"index","follow":"follow","max-snippet":"max-snippet:-1","max-image-preview":"max-image-preview:large","max-video-preview":"max-video-preview:-1"},"canonical":"https:\/\/lamotte.com\/fr\/marques\/lamotte-waterlink\/lamotte-waterlink-pro\/","og_locale":"fr_FR","og_type":"article","og_title":"LaMotte WaterLink\u00ae PRO | Syst\u00e8me professionnel d\u2019analyse de l\u2019eau","og_description":"LaMotte WaterLink\u00ae PRO fournit des tests d\u2019eau rapides et pr\u00e9cis en laboratoire pour les applications en piscine, spa et commerciales. Simplifiez votre flux de travail avec une gestion bas\u00e9e sur le cloud.","og_url":"https:\/\/lamotte.com\/fr\/marques\/lamotte-waterlink\/lamotte-waterlink-pro\/","og_site_name":"LaMotte","article_modified_time":"2026-01-14T12:55:09+00:00","og_image":[{"width":704,"height":720,"url":"https:\/\/lamotte.com\/wp-content\/uploads\/2025\/10\/waterlink-solutions-pro-grey-bg.webp","type":"image\/webp"}],"twitter_card":"summary_large_image","twitter_misc":{"Dur\u00e9e de lecture estim\u00e9e":"2 minutes"},"schema":{"@context":"https:\/\/schema.org","@graph":[{"@type":"WebPage","@id":"https:\/\/lamotte.com\/fr\/marques\/lamotte-waterlink\/lamotte-waterlink-pro\/","url":"https:\/\/lamotte.com\/fr\/marques\/lamotte-waterlink\/lamotte-waterlink-pro\/","name":"LaMotte WaterLink\u00ae PRO | Syst\u00e8me professionnel d\u2019analyse de l\u2019eau","isPartOf":{"@id":"https:\/\/lamotte.com\/fr\/#website"},"primaryImageOfPage":{"@id":"https:\/\/lamotte.com\/fr\/marques\/lamotte-waterlink\/lamotte-waterlink-pro\/#primaryimage"},"image":{"@id":"https:\/\/lamotte.com\/fr\/marques\/lamotte-waterlink\/lamotte-waterlink-pro\/#primaryimage"},"thumbnailUrl":"https:\/\/lamotte.com\/wp-content\/uploads\/2025\/10\/waterlink-solutions-pro-grey-bg.webp","datePublished":"2025-10-08T08:23:26+00:00","dateModified":"2026-01-14T12:55:09+00:00","description":"LaMotte WaterLink\u00ae PRO fournit des tests d\u2019eau rapides et pr\u00e9cis en laboratoire pour les applications en piscine, spa et commerciales. Simplifiez votre flux de travail avec une gestion bas\u00e9e sur le cloud.","breadcrumb":{"@id":"https:\/\/lamotte.com\/fr\/marques\/lamotte-waterlink\/lamotte-waterlink-pro\/#breadcrumb"},"inLanguage":"fr-FR","potentialAction":[{"@type":"ReadAction","target":["https:\/\/lamotte.com\/fr\/marques\/lamotte-waterlink\/lamotte-waterlink-pro\/"]}]},{"@type":"ImageObject","inLanguage":"fr-FR","@id":"https:\/\/lamotte.com\/fr\/marques\/lamotte-waterlink\/lamotte-waterlink-pro\/#primaryimage","url":"https:\/\/lamotte.com\/wp-content\/uploads\/2025\/10\/waterlink-solutions-pro-grey-bg.webp","contentUrl":"https:\/\/lamotte.com\/wp-content\/uploads\/2025\/10\/waterlink-solutions-pro-grey-bg.webp","width":704,"height":720,"caption":"Le logo WaterLink Solutions PRO comporte une ic\u00f4ne en gouttelettes d\u2019eau bleue et noire au-dessus des mots \u00ab WaterLink Solutions PRO \u00bb en texte noir, bleu et orange sur fond blanc."},{"@type":"BreadcrumbList","@id":"https:\/\/lamotte.com\/fr\/marques\/lamotte-waterlink\/lamotte-waterlink-pro\/#breadcrumb","itemListElement":[{"@type":"ListItem","position":1,"name":"Home","item":"https:\/\/lamotte.com\/fr\/"},{"@type":"ListItem","position":2,"name":"LaMotte WaterLink\u00ae PRO"}]},{"@type":"WebSite","@id":"https:\/\/lamotte.com\/fr\/#website","url":"https:\/\/lamotte.com\/fr\/","name":"LaMotte","description":"","potentialAction":[{"@type":"SearchAction","target":{"@type":"EntryPoint","urlTemplate":"https:\/\/lamotte.com\/fr\/?s={search_term_string}"},"query-input":{"@type":"PropertyValueSpecification","valueRequired":true,"valueName":"search_term_string"}}],"inLanguage":"fr-FR"}]}},"_links":{"self":[{"href":"https:\/\/lamotte.com\/fr\/wp-json\/wp\/v2\/pages\/40490","targetHints":{"allow":["GET"]}}],"collection":[{"href":"https:\/\/lamotte.com\/fr\/wp-json\/wp\/v2\/pages"}],"about":[{"href":"https:\/\/lamotte.com\/fr\/wp-json\/wp\/v2\/types\/page"}],"author":[{"embeddable":true,"href":"https:\/\/lamotte.com\/fr\/wp-json\/wp\/v2\/users\/6"}],"replies":[{"embeddable":true,"href":"https:\/\/lamotte.com\/fr\/wp-json\/wp\/v2\/comments?post=40490"}],"version-history":[{"count":2,"href":"https:\/\/lamotte.com\/fr\/wp-json\/wp\/v2\/pages\/40490\/revisions"}],"predecessor-version":[{"id":40618,"href":"https:\/\/lamotte.com\/fr\/wp-json\/wp\/v2\/pages\/40490\/revisions\/40618"}],"up":[{"embeddable":true,"href":"https:\/\/lamotte.com\/fr\/wp-json\/wp\/v2\/pages\/40614"}],"wp:featuredmedia":[{"embeddable":true,"href":"https:\/\/lamotte.com\/fr\/wp-json\/wp\/v2\/media\/40477"}],"wp:attachment":[{"href":"https:\/\/lamotte.com\/fr\/wp-json\/wp\/v2\/media?parent=40490"}],"curies":[{"name":"wp","href":"https:\/\/api.w.org\/{rel}","templated":true}]}}