{"id":40553,"date":"2025-08-21T13:52:40","date_gmt":"2025-08-21T13:52:40","guid":{"rendered":"https:\/\/lamotte.com\/programmes-de-partenariat\/"},"modified":"2026-01-15T10:59:11","modified_gmt":"2026-01-15T10:59:11","slug":"programmes-de-partenariat","status":"publish","type":"page","link":"https:\/\/lamotte.com\/fr\/programmes-de-partenariat\/","title":{"rendered":"Programmes de partenariat"},"content":{"rendered":"\n<h1>\n\t\t\tPartnerships\t<\/h1>\n\t<p>LaMotte partners with leading environmental science education programs to bring hands-on water analysis and learning to educators, students, and researchers around the world.<\/p>\n<h2>\n\t\t\tPartnership Programs\t<\/h2>\n<a  href=\"\/partnership-programs\/earth-force\/\" target=\"_self\">\n\t<\/a>\n\t\t\t\t<img decoding=\"async\" src=\"https:\/\/lamotte.com\/wp-content\/uploads\/2025\/08\/Earth-Force-Logo.jpg\" alt=\"Earth-Force-Logo\" itemprop=\"image\" height=\"895\" width=\"802\" title=\"Earth-Force-Logo\" onerror=\"this.style.display='none'\" loading=\"lazy\" \/>\n\t<p>Earth Force<\/p>\n\t\t\t\t<img decoding=\"async\" src=\"https:\/\/lamotte.com\/wp-content\/uploads\/2025\/10\/image-4-3-3-4-landscape-1.webp\" alt=\"image-4-3-3-4-landscape\" itemprop=\"image\" height=\"280\" width=\"374\" title=\"image-4-3-3-4-landscape\" onerror=\"this.style.display='none'\" loading=\"lazy\" \/>\n<a  href=\"\/product\/earthecho-water-challenge\/\" target=\"_self\">\n\t<\/a>\n\t\t\t\t<img decoding=\"async\" src=\"https:\/\/lamotte.com\/wp-content\/uploads\/2025\/08\/earthecho.png\" alt=\"earthecho.png\" itemprop=\"image\" height=\"800\" width=\"800\" title=\"earthecho.png\" onerror=\"this.style.display='none'\" loading=\"lazy\" \/>\n\t<p>Earth Echo<\/p>\n\t\t\t\t<img decoding=\"async\" src=\"https:\/\/lamotte.com\/wp-content\/uploads\/2025\/08\/8132-group.png\" alt=\"8132-group.png\" itemprop=\"image\" height=\"800\" width=\"800\" title=\"8132-group.png\" onerror=\"this.style.display='none'\" loading=\"lazy\" \/>\n<a  href=\"\/partnership-programs\/stroud-water-research-center\/\" target=\"_self\">\n\t<\/a>\n\t\t\t\t<img decoding=\"async\" src=\"https:\/\/lamotte.com\/wp-content\/uploads\/2025\/08\/stroud-black-bright-blue-1.png\" alt=\"stroud-black-bright-blue-1\" itemprop=\"image\" height=\"376\" width=\"759\" title=\"stroud-black-bright-blue-1\" onerror=\"this.style.display='none'\" loading=\"lazy\" \/>\n\t<p>Stroud Water Research Center<\/p>\n\t\t\t\t<img decoding=\"async\" src=\"https:\/\/lamotte.com\/wp-content\/uploads\/2025\/10\/image-4-3-3-4-landscape-2.webp\" alt=\"image-4-3-3-4-landscape\" itemprop=\"image\" height=\"280\" width=\"374\" title=\"image-4-3-3-4-landscape\" onerror=\"this.style.display='none'\" loading=\"lazy\" \/>\n<a  href=\"\/partnership-programs\/the-globe-program\/\" target=\"_self\">\n\t<\/a>\n\t\t\t\t<img decoding=\"async\" src=\"https:\/\/lamotte.com\/wp-content\/uploads\/2025\/08\/globe_logo.png\" alt=\"globe_logo\" itemprop=\"image\" height=\"69\" width=\"69\" title=\"globe_logo\" onerror=\"this.style.display='none'\" loading=\"lazy\" \/>\n\t<p>The GLOBE Program<\/p>\n\t\t\t\t<img decoding=\"async\" src=\"https:\/\/lamotte.com\/wp-content\/uploads\/2025\/10\/image-4-3-3-4-landscape-3.webp\" alt=\"image-4-3-3-4-landscape\" itemprop=\"image\" height=\"280\" width=\"374\" title=\"image-4-3-3-4-landscape\" onerror=\"this.style.display='none'\" loading=\"lazy\" \/>\n<a  href=\"\/partnership-programs\/alabama-water-watch\/\" target=\"_self\">\n\t<\/a>\n\t\t\t\t<img decoding=\"async\" src=\"https:\/\/lamotte.com\/wp-content\/uploads\/2025\/08\/cropped-Alabama-Water-Watch-AL-Extension-Logo-ANR-2870-2022.png\" alt=\"cropped-Alabama-Water-Watch-AL-Extension-Logo-ANR-2870-2022\" itemprop=\"image\" height=\"738\" width=\"1353\" title=\"cropped-Alabama-Water-Watch-AL-Extension-Logo-ANR-2870-2022\" onerror=\"this.style.display='none'\" loading=\"lazy\" \/>\n\t<p>Alabama Water Watch<\/p>\n\t\t\t\t<img decoding=\"async\" src=\"https:\/\/lamotte.com\/wp-content\/uploads\/2025\/10\/image-4-3-3-4-landscape.webp\" alt=\"image-4-3-3-4-landscape\" itemprop=\"image\" height=\"280\" width=\"374\" title=\"image-4-3-3-4-landscape\" onerror=\"this.style.display='none'\" loading=\"lazy\" \/>\n<a  href=\"\/partnership-programs\/adopt-a-stream\/\" target=\"_self\">\n\t<\/a>\n\t\t\t\t<img decoding=\"async\" src=\"https:\/\/lamotte.com\/wp-content\/uploads\/2025\/08\/SC-AAS-Color-Logo-PNG.png\" alt=\"SC-AAS-Color-Logo-PNG\" itemprop=\"image\" height=\"818\" width=\"1757\" title=\"SC-AAS-Color-Logo-PNG\" onerror=\"this.style.display='none'\" loading=\"lazy\" \/>\n\t<p>South Carolina Adopt-a-Stream<\/p>\n\t\t\t\t<img decoding=\"async\" src=\"https:\/\/lamotte.com\/wp-content\/uploads\/2025\/10\/image-4-3-3-4-landscape-4.webp\" alt=\"image-4-3-3-4-landscape\" itemprop=\"image\" height=\"280\" width=\"374\" title=\"image-4-3-3-4-landscape\" onerror=\"this.style.display='none'\" loading=\"lazy\" \/>\n                            <img width=\"300\" height=\"300\" src=\"https:\/\/lamotte.com\/wp-content\/uploads\/2025\/11\/education-icon-300x300.png\" alt=\"\" sizes=\"auto, 50vw\" decoding=\"async\" loading=\"lazy\" srcset=\"https:\/\/lamotte.com\/wp-content\/uploads\/2025\/11\/education-icon-300x300.png 300w, https:\/\/lamotte.com\/wp-content\/uploads\/2025\/11\/education-icon-150x150.png 150w, https:\/\/lamotte.com\/wp-content\/uploads\/2025\/11\/education-icon.png 400w\" \/>                        \n                            <p>\u00ab\u00a0The leaf packs have been such an engaging lesson that has allowed me to inspire students, other teachers, and get student excited about their local watershed.\u00a0\u00bb<\/p>\n                        \n                            -Susan Brown                         \n                            7th Grade Science Teacher | Flagstaff, Arizona                                                                    \n            \n","protected":false},"excerpt":{"rendered":"<p>Partnerships LaMotte partners with leading environmental science education programs to bring hands-on water analysis and learning to educators, students, and researchers around the world. Partnership Programs Earth Force Earth Echo Stroud Water Research Center The GLOBE Program Alabama Water Watch South Carolina Adopt-a-Stream \u00ab\u00a0The leaf packs have been such an engaging lesson that has allowed [&hellip;]<\/p>\n","protected":false},"author":6,"featured_media":0,"parent":0,"menu_order":0,"comment_status":"closed","ping_status":"closed","template":"","meta":{"_acf_changed":false,"footnotes":""},"class_list":["post-40553","page","type-page","status-publish","hentry"],"acf":[],"yoast_head":"<!-- This site is optimized with the Yoast SEO plugin v27.2 - https:\/\/yoast.com\/product\/yoast-seo-wordpress\/ -->\n<title>Programmes de partenariat avec l\u2019entreprise LaMotte | Distributeurs &amp; Collaborateurs<\/title>\n<meta name=\"description\" content=\"Collaborez avec LaMotte Company pour acc\u00e9der \u00e0 des produits de test innovants, \u00e0 une expertise technique et \u00e0 des opportunit\u00e9s de distribution mondiale.\" \/>\n<meta name=\"robots\" content=\"index, follow, max-snippet:-1, max-image-preview:large, max-video-preview:-1\" \/>\n<link rel=\"canonical\" href=\"https:\/\/lamotte.com\/fr\/programmes-de-partenariat\/\" \/>\n<meta property=\"og:locale\" content=\"fr_FR\" \/>\n<meta property=\"og:type\" content=\"article\" \/>\n<meta property=\"og:title\" content=\"Programmes de partenariat avec l\u2019entreprise LaMotte | Distributeurs &amp; Collaborateurs\" \/>\n<meta property=\"og:description\" content=\"Collaborez avec LaMotte Company pour acc\u00e9der \u00e0 des produits de test innovants, \u00e0 une expertise technique et \u00e0 des opportunit\u00e9s de distribution mondiale.\" \/>\n<meta property=\"og:url\" content=\"https:\/\/lamotte.com\/fr\/programmes-de-partenariat\/\" \/>\n<meta property=\"og:site_name\" content=\"LaMotte\" \/>\n<meta property=\"article:modified_time\" content=\"2026-01-15T10:59:11+00:00\" \/>\n<meta property=\"og:image\" content=\"https:\/\/lamotte.com\/wp-content\/uploads\/2025\/08\/Earth-Force-Logo.jpg\" \/>\n<meta name=\"twitter:card\" content=\"summary_large_image\" \/>\n<script type=\"application\/ld+json\" class=\"yoast-schema-graph\">{\"@context\":\"https:\/\/schema.org\",\"@graph\":[{\"@type\":\"WebPage\",\"@id\":\"https:\/\/lamotte.com\/fr\/programmes-de-partenariat\/\",\"url\":\"https:\/\/lamotte.com\/fr\/programmes-de-partenariat\/\",\"name\":\"Programmes de partenariat avec l\u2019entreprise LaMotte | Distributeurs & Collaborateurs\",\"isPartOf\":{\"@id\":\"https:\/\/lamotte.com\/fr\/#website\"},\"primaryImageOfPage\":{\"@id\":\"https:\/\/lamotte.com\/fr\/programmes-de-partenariat\/#primaryimage\"},\"image\":{\"@id\":\"https:\/\/lamotte.com\/fr\/programmes-de-partenariat\/#primaryimage\"},\"thumbnailUrl\":\"https:\/\/lamotte.com\/wp-content\/uploads\/2025\/08\/Earth-Force-Logo.jpg\",\"datePublished\":\"2025-08-21T13:52:40+00:00\",\"dateModified\":\"2026-01-15T10:59:11+00:00\",\"description\":\"Collaborez avec LaMotte Company pour acc\u00e9der \u00e0 des produits de test innovants, \u00e0 une expertise technique et \u00e0 des opportunit\u00e9s de distribution mondiale.\",\"breadcrumb\":{\"@id\":\"https:\/\/lamotte.com\/fr\/programmes-de-partenariat\/#breadcrumb\"},\"inLanguage\":\"fr-FR\",\"potentialAction\":[{\"@type\":\"ReadAction\",\"target\":[\"https:\/\/lamotte.com\/fr\/programmes-de-partenariat\/\"]}]},{\"@type\":\"ImageObject\",\"inLanguage\":\"fr-FR\",\"@id\":\"https:\/\/lamotte.com\/fr\/programmes-de-partenariat\/#primaryimage\",\"url\":\"https:\/\/lamotte.com\/wp-content\/uploads\/2025\/08\/Earth-Force-Logo.jpg\",\"contentUrl\":\"https:\/\/lamotte.com\/wp-content\/uploads\/2025\/08\/Earth-Force-Logo.jpg\"},{\"@type\":\"BreadcrumbList\",\"@id\":\"https:\/\/lamotte.com\/fr\/programmes-de-partenariat\/#breadcrumb\",\"itemListElement\":[{\"@type\":\"ListItem\",\"position\":1,\"name\":\"Home\",\"item\":\"https:\/\/lamotte.com\/fr\/\"},{\"@type\":\"ListItem\",\"position\":2,\"name\":\"Programmes de partenariat\"}]},{\"@type\":\"WebSite\",\"@id\":\"https:\/\/lamotte.com\/fr\/#website\",\"url\":\"https:\/\/lamotte.com\/fr\/\",\"name\":\"LaMotte\",\"description\":\"\",\"potentialAction\":[{\"@type\":\"SearchAction\",\"target\":{\"@type\":\"EntryPoint\",\"urlTemplate\":\"https:\/\/lamotte.com\/fr\/?s={search_term_string}\"},\"query-input\":{\"@type\":\"PropertyValueSpecification\",\"valueRequired\":true,\"valueName\":\"search_term_string\"}}],\"inLanguage\":\"fr-FR\"}]}<\/script>\n<!-- \/ Yoast SEO plugin. -->","yoast_head_json":{"title":"Programmes de partenariat avec l\u2019entreprise LaMotte | Distributeurs & Collaborateurs","description":"Collaborez avec LaMotte Company pour acc\u00e9der \u00e0 des produits de test innovants, \u00e0 une expertise technique et \u00e0 des opportunit\u00e9s de distribution mondiale.","robots":{"index":"index","follow":"follow","max-snippet":"max-snippet:-1","max-image-preview":"max-image-preview:large","max-video-preview":"max-video-preview:-1"},"canonical":"https:\/\/lamotte.com\/fr\/programmes-de-partenariat\/","og_locale":"fr_FR","og_type":"article","og_title":"Programmes de partenariat avec l\u2019entreprise LaMotte | Distributeurs & Collaborateurs","og_description":"Collaborez avec LaMotte Company pour acc\u00e9der \u00e0 des produits de test innovants, \u00e0 une expertise technique et \u00e0 des opportunit\u00e9s de distribution mondiale.","og_url":"https:\/\/lamotte.com\/fr\/programmes-de-partenariat\/","og_site_name":"LaMotte","article_modified_time":"2026-01-15T10:59:11+00:00","og_image":[{"url":"https:\/\/lamotte.com\/wp-content\/uploads\/2025\/08\/Earth-Force-Logo.jpg","type":"","width":"","height":""}],"twitter_card":"summary_large_image","schema":{"@context":"https:\/\/schema.org","@graph":[{"@type":"WebPage","@id":"https:\/\/lamotte.com\/fr\/programmes-de-partenariat\/","url":"https:\/\/lamotte.com\/fr\/programmes-de-partenariat\/","name":"Programmes de partenariat avec l\u2019entreprise LaMotte | Distributeurs & Collaborateurs","isPartOf":{"@id":"https:\/\/lamotte.com\/fr\/#website"},"primaryImageOfPage":{"@id":"https:\/\/lamotte.com\/fr\/programmes-de-partenariat\/#primaryimage"},"image":{"@id":"https:\/\/lamotte.com\/fr\/programmes-de-partenariat\/#primaryimage"},"thumbnailUrl":"https:\/\/lamotte.com\/wp-content\/uploads\/2025\/08\/Earth-Force-Logo.jpg","datePublished":"2025-08-21T13:52:40+00:00","dateModified":"2026-01-15T10:59:11+00:00","description":"Collaborez avec LaMotte Company pour acc\u00e9der \u00e0 des produits de test innovants, \u00e0 une expertise technique et \u00e0 des opportunit\u00e9s de distribution mondiale.","breadcrumb":{"@id":"https:\/\/lamotte.com\/fr\/programmes-de-partenariat\/#breadcrumb"},"inLanguage":"fr-FR","potentialAction":[{"@type":"ReadAction","target":["https:\/\/lamotte.com\/fr\/programmes-de-partenariat\/"]}]},{"@type":"ImageObject","inLanguage":"fr-FR","@id":"https:\/\/lamotte.com\/fr\/programmes-de-partenariat\/#primaryimage","url":"https:\/\/lamotte.com\/wp-content\/uploads\/2025\/08\/Earth-Force-Logo.jpg","contentUrl":"https:\/\/lamotte.com\/wp-content\/uploads\/2025\/08\/Earth-Force-Logo.jpg"},{"@type":"BreadcrumbList","@id":"https:\/\/lamotte.com\/fr\/programmes-de-partenariat\/#breadcrumb","itemListElement":[{"@type":"ListItem","position":1,"name":"Home","item":"https:\/\/lamotte.com\/fr\/"},{"@type":"ListItem","position":2,"name":"Programmes de partenariat"}]},{"@type":"WebSite","@id":"https:\/\/lamotte.com\/fr\/#website","url":"https:\/\/lamotte.com\/fr\/","name":"LaMotte","description":"","potentialAction":[{"@type":"SearchAction","target":{"@type":"EntryPoint","urlTemplate":"https:\/\/lamotte.com\/fr\/?s={search_term_string}"},"query-input":{"@type":"PropertyValueSpecification","valueRequired":true,"valueName":"search_term_string"}}],"inLanguage":"fr-FR"}]}},"_links":{"self":[{"href":"https:\/\/lamotte.com\/fr\/wp-json\/wp\/v2\/pages\/40553","targetHints":{"allow":["GET"]}}],"collection":[{"href":"https:\/\/lamotte.com\/fr\/wp-json\/wp\/v2\/pages"}],"about":[{"href":"https:\/\/lamotte.com\/fr\/wp-json\/wp\/v2\/types\/page"}],"author":[{"embeddable":true,"href":"https:\/\/lamotte.com\/fr\/wp-json\/wp\/v2\/users\/6"}],"replies":[{"embeddable":true,"href":"https:\/\/lamotte.com\/fr\/wp-json\/wp\/v2\/comments?post=40553"}],"version-history":[{"count":1,"href":"https:\/\/lamotte.com\/fr\/wp-json\/wp\/v2\/pages\/40553\/revisions"}],"predecessor-version":[{"id":41134,"href":"https:\/\/lamotte.com\/fr\/wp-json\/wp\/v2\/pages\/40553\/revisions\/41134"}],"wp:attachment":[{"href":"https:\/\/lamotte.com\/fr\/wp-json\/wp\/v2\/media?parent=40553"}],"curies":[{"name":"wp","href":"https:\/\/api.w.org\/{rel}","templated":true}]}}