{"id":40614,"date":"2025-10-08T08:00:57","date_gmt":"2025-10-08T08:00:57","guid":{"rendered":"https:\/\/lamotte.com\/marques\/lamotte-waterlink\/"},"modified":"2025-10-08T08:00:57","modified_gmt":"2025-10-08T08:00:57","slug":"lamotte-waterlink","status":"publish","type":"page","link":"https:\/\/lamotte.com\/fr\/marques\/lamotte-waterlink\/","title":{"rendered":"LaMotte WaterLink\u00ae"},"content":{"rendered":"","protected":false},"excerpt":{"rendered":"<p>Test<\/p>\n","protected":false},"author":6,"featured_media":0,"parent":40065,"menu_order":0,"comment_status":"closed","ping_status":"closed","template":"","meta":{"_acf_changed":false,"footnotes":""},"class_list":["post-40614","page","type-page","status-publish","hentry"],"acf":[],"yoast_head":"<!-- This site is optimized with the Yoast SEO plugin v27.2 - https:\/\/yoast.com\/product\/yoast-seo-wordpress\/ -->\n<title>LaMotte WaterLink Solutions | Tests professionnels de l\u2019eau<\/title>\n<meta name=\"description\" content=\"Les syst\u00e8mes LaMotte WaterLink combinent la pr\u00e9cision num\u00e9rique et la gestion des donn\u00e9es cloud pour une analyse professionnelle de l\u2019eau.\" \/>\n<meta name=\"robots\" content=\"index, follow, max-snippet:-1, max-image-preview:large, max-video-preview:-1\" \/>\n<link rel=\"canonical\" href=\"https:\/\/lamotte.com\/fr\/marques\/lamotte-waterlink\/\" \/>\n<meta property=\"og:locale\" content=\"fr_FR\" \/>\n<meta property=\"og:type\" content=\"article\" \/>\n<meta property=\"og:title\" content=\"LaMotte WaterLink Solutions | Tests professionnels de l\u2019eau\" \/>\n<meta property=\"og:description\" content=\"Les syst\u00e8mes LaMotte WaterLink combinent la pr\u00e9cision num\u00e9rique et la gestion des donn\u00e9es cloud pour une analyse professionnelle de l\u2019eau.\" \/>\n<meta property=\"og:url\" content=\"https:\/\/lamotte.com\/fr\/marques\/lamotte-waterlink\/\" \/>\n<meta property=\"og:site_name\" content=\"LaMotte\" \/>\n<meta name=\"twitter:card\" content=\"summary_large_image\" \/>\n<script type=\"application\/ld+json\" class=\"yoast-schema-graph\">{\"@context\":\"https:\/\/schema.org\",\"@graph\":[{\"@type\":\"WebPage\",\"@id\":\"https:\/\/lamotte.com\/fr\/marques\/lamotte-waterlink\/\",\"url\":\"https:\/\/lamotte.com\/fr\/marques\/lamotte-waterlink\/\",\"name\":\"LaMotte WaterLink Solutions | Tests professionnels de l\u2019eau\",\"isPartOf\":{\"@id\":\"https:\/\/lamotte.com\/fr\/#website\"},\"datePublished\":\"2025-10-08T08:00:57+00:00\",\"description\":\"Les syst\u00e8mes LaMotte WaterLink combinent la pr\u00e9cision num\u00e9rique et la gestion des donn\u00e9es cloud pour une analyse professionnelle de l\u2019eau.\",\"breadcrumb\":{\"@id\":\"https:\/\/lamotte.com\/fr\/marques\/lamotte-waterlink\/#breadcrumb\"},\"inLanguage\":\"fr-FR\",\"potentialAction\":[{\"@type\":\"ReadAction\",\"target\":[\"https:\/\/lamotte.com\/fr\/marques\/lamotte-waterlink\/\"]}]},{\"@type\":\"BreadcrumbList\",\"@id\":\"https:\/\/lamotte.com\/fr\/marques\/lamotte-waterlink\/#breadcrumb\",\"itemListElement\":[{\"@type\":\"ListItem\",\"position\":1,\"name\":\"Home\",\"item\":\"https:\/\/lamotte.com\/fr\/\"},{\"@type\":\"ListItem\",\"position\":2,\"name\":\"Marques\",\"item\":\"https:\/\/lamotte.com\/fr\/marques\/\"},{\"@type\":\"ListItem\",\"position\":3,\"name\":\"LaMotte WaterLink\u00ae\"}]},{\"@type\":\"WebSite\",\"@id\":\"https:\/\/lamotte.com\/fr\/#website\",\"url\":\"https:\/\/lamotte.com\/fr\/\",\"name\":\"LaMotte\",\"description\":\"\",\"potentialAction\":[{\"@type\":\"SearchAction\",\"target\":{\"@type\":\"EntryPoint\",\"urlTemplate\":\"https:\/\/lamotte.com\/fr\/?s={search_term_string}\"},\"query-input\":{\"@type\":\"PropertyValueSpecification\",\"valueRequired\":true,\"valueName\":\"search_term_string\"}}],\"inLanguage\":\"fr-FR\"}]}<\/script>\n<!-- \/ Yoast SEO plugin. -->","yoast_head_json":{"title":"LaMotte WaterLink Solutions | Tests professionnels de l\u2019eau","description":"Les syst\u00e8mes LaMotte WaterLink combinent la pr\u00e9cision num\u00e9rique et la gestion des donn\u00e9es cloud pour une analyse professionnelle de l\u2019eau.","robots":{"index":"index","follow":"follow","max-snippet":"max-snippet:-1","max-image-preview":"max-image-preview:large","max-video-preview":"max-video-preview:-1"},"canonical":"https:\/\/lamotte.com\/fr\/marques\/lamotte-waterlink\/","og_locale":"fr_FR","og_type":"article","og_title":"LaMotte WaterLink Solutions | Tests professionnels de l\u2019eau","og_description":"Les syst\u00e8mes LaMotte WaterLink combinent la pr\u00e9cision num\u00e9rique et la gestion des donn\u00e9es cloud pour une analyse professionnelle de l\u2019eau.","og_url":"https:\/\/lamotte.com\/fr\/marques\/lamotte-waterlink\/","og_site_name":"LaMotte","twitter_card":"summary_large_image","schema":{"@context":"https:\/\/schema.org","@graph":[{"@type":"WebPage","@id":"https:\/\/lamotte.com\/fr\/marques\/lamotte-waterlink\/","url":"https:\/\/lamotte.com\/fr\/marques\/lamotte-waterlink\/","name":"LaMotte WaterLink Solutions | Tests professionnels de l\u2019eau","isPartOf":{"@id":"https:\/\/lamotte.com\/fr\/#website"},"datePublished":"2025-10-08T08:00:57+00:00","description":"Les syst\u00e8mes LaMotte WaterLink combinent la pr\u00e9cision num\u00e9rique et la gestion des donn\u00e9es cloud pour une analyse professionnelle de l\u2019eau.","breadcrumb":{"@id":"https:\/\/lamotte.com\/fr\/marques\/lamotte-waterlink\/#breadcrumb"},"inLanguage":"fr-FR","potentialAction":[{"@type":"ReadAction","target":["https:\/\/lamotte.com\/fr\/marques\/lamotte-waterlink\/"]}]},{"@type":"BreadcrumbList","@id":"https:\/\/lamotte.com\/fr\/marques\/lamotte-waterlink\/#breadcrumb","itemListElement":[{"@type":"ListItem","position":1,"name":"Home","item":"https:\/\/lamotte.com\/fr\/"},{"@type":"ListItem","position":2,"name":"Marques","item":"https:\/\/lamotte.com\/fr\/marques\/"},{"@type":"ListItem","position":3,"name":"LaMotte WaterLink\u00ae"}]},{"@type":"WebSite","@id":"https:\/\/lamotte.com\/fr\/#website","url":"https:\/\/lamotte.com\/fr\/","name":"LaMotte","description":"","potentialAction":[{"@type":"SearchAction","target":{"@type":"EntryPoint","urlTemplate":"https:\/\/lamotte.com\/fr\/?s={search_term_string}"},"query-input":{"@type":"PropertyValueSpecification","valueRequired":true,"valueName":"search_term_string"}}],"inLanguage":"fr-FR"}]}},"_links":{"self":[{"href":"https:\/\/lamotte.com\/fr\/wp-json\/wp\/v2\/pages\/40614","targetHints":{"allow":["GET"]}}],"collection":[{"href":"https:\/\/lamotte.com\/fr\/wp-json\/wp\/v2\/pages"}],"about":[{"href":"https:\/\/lamotte.com\/fr\/wp-json\/wp\/v2\/types\/page"}],"author":[{"embeddable":true,"href":"https:\/\/lamotte.com\/fr\/wp-json\/wp\/v2\/users\/6"}],"replies":[{"embeddable":true,"href":"https:\/\/lamotte.com\/fr\/wp-json\/wp\/v2\/comments?post=40614"}],"version-history":[{"count":0,"href":"https:\/\/lamotte.com\/fr\/wp-json\/wp\/v2\/pages\/40614\/revisions"}],"up":[{"embeddable":true,"href":"https:\/\/lamotte.com\/fr\/wp-json\/wp\/v2\/pages\/40065"}],"wp:attachment":[{"href":"https:\/\/lamotte.com\/fr\/wp-json\/wp\/v2\/media?parent=40614"}],"curies":[{"name":"wp","href":"https:\/\/api.w.org\/{rel}","templated":true}]}}